{"id":720,"date":"2023-06-28T13:45:35","date_gmt":"2023-07-04T16:04:37","guid":{"rendered":"https:\/\/www.campingriugelat.com\/producte\/terrain-avec-electricite\/"},"modified":"2025-04-07T17:21:39","modified_gmt":"2025-04-07T17:21:39","slug":"terrain-avec-electricite","status":"publish","type":"product","link":"https:\/\/www.campingriugelat.com\/fr\/producte\/terrain-avec-electricite\/","title":{"rendered":"Terrain avec \u00e9lectricit\u00e9"},"content":{"rendered":"<p>Emplacement de camping avec \u00e9lectricit\u00e9.<\/p>\n<p> Dimensions approximatives :<br \/>\n 12m x 6m<\/p>\n<p> REMARQUE : N&rsquo;INCLUT PAS LA TAXE DE S\u00c9JOUR QUI S&rsquo;\u00c9L\u00c8VE DE 0,99 \u20ac PAR PERSONNE (PLUS DE 16 ANS) ET PAR NUIT, SERA PAY\u00c9E DIRECTEMENT \u00c0 L&rsquo;ARRIV\u00c9E.<br \/>\n Vous pouvez payer par carte bancaire.<\/p>\n","protected":false},"excerpt":{"rendered":"Emplacement de camping avec \u00e9lectricit\u00e9. Dimensions approximatives : 12m x 6m REMARQUE : N&rsquo;INCLUT PAS LA TAXE DE S\u00c9JOUR QUI S&rsquo;\u00c9L\u00c8VE DE 0,99 \u20ac PAR PERSONNE (PLUS DE 16 ANS) ET PAR NUIT, SERA PAY\u00c9E DIRECTEMENT \u00c0 L&rsquo;ARRIV\u00c9E. Vous pouvez payer par carte bancaire.","protected":false},"featured_media":1387,"template":"","meta":[],"product_brand":[],"product_cat":[51],"product_tag":[],"class_list":{"0":"post-720","1":"product","2":"type-product","3":"status-publish","4":"has-post-thumbnail","6":"product_cat-colis","8":"first","9":"instock","10":"shipping-taxable","11":"purchasable","12":"product-type-phive_booking"},"_links":{"self":[{"href":"https:\/\/www.campingriugelat.com\/fr\/wp-json\/wp\/v2\/product\/720","targetHints":{"allow":["GET"]}}],"collection":[{"href":"https:\/\/www.campingriugelat.com\/fr\/wp-json\/wp\/v2\/product"}],"about":[{"href":"https:\/\/www.campingriugelat.com\/fr\/wp-json\/wp\/v2\/types\/product"}],"wp:featuredmedia":[{"embeddable":true,"href":"https:\/\/www.campingriugelat.com\/fr\/wp-json\/wp\/v2\/media\/1387"}],"wp:attachment":[{"href":"https:\/\/www.campingriugelat.com\/fr\/wp-json\/wp\/v2\/media?parent=720"}],"wp:term":[{"taxonomy":"product_brand","embeddable":true,"href":"https:\/\/www.campingriugelat.com\/fr\/wp-json\/wp\/v2\/product_brand?post=720"},{"taxonomy":"product_cat","embeddable":true,"href":"https:\/\/www.campingriugelat.com\/fr\/wp-json\/wp\/v2\/product_cat?post=720"},{"taxonomy":"product_tag","embeddable":true,"href":"https:\/\/www.campingriugelat.com\/fr\/wp-json\/wp\/v2\/product_tag?post=720"}],"curies":[{"name":"wp","href":"https:\/\/api.w.org\/{rel}","templated":true}]}}