{"id":695,"date":"2023-06-28T16:02:40","date_gmt":"2023-07-04T16:04:24","guid":{"rendered":"https:\/\/www.campingriugelat.com\/producte\/chambre-avec-salle-de-bain-privee\/"},"modified":"2025-04-07T17:21:11","modified_gmt":"2025-04-07T17:21:11","slug":"chambre-avec-salle-de-bain-privee","status":"publish","type":"product","link":"https:\/\/www.campingriugelat.com\/fr\/producte\/chambre-avec-salle-de-bain-privee\/","title":{"rendered":"Chambre avec salle de bain priv\u00e9e"},"content":{"rendered":"<p>Prix \u200b\u200bpar chambre enti\u00e8re, maximum deux personnes.<\/p>\n<p> REMARQUE : N&rsquo;INCLUT PAS LA TAXE DE S\u00c9JOUR QUI S&rsquo;\u00c9L\u00c8VE DE 0,99 \u20ac PAR PERSONNE (PLUS DE 16 ANS) ET PAR NUIT, SERA PAY\u00c9E DIRECTEMENT \u00c0 L&rsquo;ARRIV\u00c9E.<br \/>\n Vous pouvez payer par carte bancaire.<\/p>\n<p> <strong>LES ANIMAUX NE SONT PAS ADMIS DANS LES CHAMBRES.<\/strong><\/p>\n","protected":false},"excerpt":{"rendered":"Prix \u200b\u200bpar chambre enti\u00e8re, maximum deux personnes. REMARQUE : N&rsquo;INCLUT PAS LA TAXE DE S\u00c9JOUR QUI S&rsquo;\u00c9L\u00c8VE DE 0,99 \u20ac PAR PERSONNE (PLUS DE 16 ANS) ET PAR NUIT, SERA PAY\u00c9E DIRECTEMENT \u00c0 L&rsquo;ARRIV\u00c9E. Vous pouvez payer par carte bancaire. LES ANIMAUX NE SONT PAS ADMIS DANS LES CHAMBRES.","protected":false},"featured_media":1227,"template":"","meta":[],"product_brand":[],"product_cat":[53],"product_tag":[],"class_list":{"0":"post-695","1":"product","2":"type-product","3":"status-publish","4":"has-post-thumbnail","6":"product_cat-chambre-avec-salle-de-bain-privee","8":"first","9":"instock","10":"shipping-taxable","11":"purchasable","12":"product-type-phive_booking"},"_links":{"self":[{"href":"https:\/\/www.campingriugelat.com\/fr\/wp-json\/wp\/v2\/product\/695","targetHints":{"allow":["GET"]}}],"collection":[{"href":"https:\/\/www.campingriugelat.com\/fr\/wp-json\/wp\/v2\/product"}],"about":[{"href":"https:\/\/www.campingriugelat.com\/fr\/wp-json\/wp\/v2\/types\/product"}],"wp:featuredmedia":[{"embeddable":true,"href":"https:\/\/www.campingriugelat.com\/fr\/wp-json\/wp\/v2\/media\/1227"}],"wp:attachment":[{"href":"https:\/\/www.campingriugelat.com\/fr\/wp-json\/wp\/v2\/media?parent=695"}],"wp:term":[{"taxonomy":"product_brand","embeddable":true,"href":"https:\/\/www.campingriugelat.com\/fr\/wp-json\/wp\/v2\/product_brand?post=695"},{"taxonomy":"product_cat","embeddable":true,"href":"https:\/\/www.campingriugelat.com\/fr\/wp-json\/wp\/v2\/product_cat?post=695"},{"taxonomy":"product_tag","embeddable":true,"href":"https:\/\/www.campingriugelat.com\/fr\/wp-json\/wp\/v2\/product_tag?post=695"}],"curies":[{"name":"wp","href":"https:\/\/api.w.org\/{rel}","templated":true}]}}