{"id":676,"date":"2023-06-28T16:10:23","date_gmt":"2023-07-04T16:03:54","guid":{"rendered":"https:\/\/www.campingriugelat.com\/producte\/lit-en-chambre-partagee-max-8-personnes-refuge\/"},"modified":"2025-04-07T17:20:28","modified_gmt":"2025-04-07T17:20:28","slug":"lit-dans-chambre-partagee-pour-max-8-personnes","status":"publish","type":"product","link":"https:\/\/www.campingriugelat.com\/fr\/producte\/lit-dans-chambre-partagee-pour-max-8-personnes\/","title":{"rendered":"Lit en chambre partag\u00e9e (max. 8 personnes) &#8211; Refuge"},"content":{"rendered":"<p>Prix \u200b\u200bpar personne pour un lit en chambre partag\u00e9e, maximum 8 personnes.<\/p>\n<p>La salle de bain et les autres services sont communs au camping. Le linge de lit doit \u00eatre apport\u00e9 car il n&rsquo;est pas inclus. 1,90x90cm<\/p>\n<p>Si vous avez des doutes, contactez-nous.<\/p>\n<p>REMARQUE : N&rsquo;INCLUT PAS LA TAXE DE S\u00c9JOUR QUI S&rsquo;\u00c9L\u00c8VE DE 0,99 \u20ac PAR PERSONNE (PLUS DE 16 ANS) ET PAR NUIT, SERA PAY\u00c9E DIRECTEMENT \u00c0 L&rsquo;ARRIV\u00c9E.<br \/>\n Vous pouvez payer par carte bancaire.<\/p>\n<p><strong>LES ANIMAUX NE SONT PAS ADMIS DANS LES CHAMBRES<\/strong><\/p>\n","protected":false},"excerpt":{"rendered":"Prix \u200b\u200bpar personne pour un lit en chambre partag\u00e9e, maximum 8 personnes. La salle de bain et les autres services sont communs au camping. Le linge de lit doit \u00eatre apport\u00e9 car il n&rsquo;est pas inclus. 1,90x90cm Si vous avez des doutes, contactez-nous. REMARQUE : N&rsquo;INCLUT PAS LA TAXE DE S\u00c9JOUR QUI S&rsquo;\u00c9L\u00c8VE DE 0,99 [&hellip;]","protected":false},"featured_media":1259,"template":"","meta":[],"product_brand":[],"product_cat":[47],"product_tag":[],"class_list":{"0":"post-676","1":"product","2":"type-product","3":"status-publish","4":"has-post-thumbnail","6":"product_cat-piece-partagee","8":"first","9":"instock","10":"shipping-taxable","11":"purchasable","12":"product-type-phive_booking"},"_links":{"self":[{"href":"https:\/\/www.campingriugelat.com\/fr\/wp-json\/wp\/v2\/product\/676","targetHints":{"allow":["GET"]}}],"collection":[{"href":"https:\/\/www.campingriugelat.com\/fr\/wp-json\/wp\/v2\/product"}],"about":[{"href":"https:\/\/www.campingriugelat.com\/fr\/wp-json\/wp\/v2\/types\/product"}],"wp:featuredmedia":[{"embeddable":true,"href":"https:\/\/www.campingriugelat.com\/fr\/wp-json\/wp\/v2\/media\/1259"}],"wp:attachment":[{"href":"https:\/\/www.campingriugelat.com\/fr\/wp-json\/wp\/v2\/media?parent=676"}],"wp:term":[{"taxonomy":"product_brand","embeddable":true,"href":"https:\/\/www.campingriugelat.com\/fr\/wp-json\/wp\/v2\/product_brand?post=676"},{"taxonomy":"product_cat","embeddable":true,"href":"https:\/\/www.campingriugelat.com\/fr\/wp-json\/wp\/v2\/product_cat?post=676"},{"taxonomy":"product_tag","embeddable":true,"href":"https:\/\/www.campingriugelat.com\/fr\/wp-json\/wp\/v2\/product_tag?post=676"}],"curies":[{"name":"wp","href":"https:\/\/api.w.org\/{rel}","templated":true}]}}