{"id":671,"date":"2023-06-28T16:20:46","date_gmt":"2023-07-04T16:03:48","guid":{"rendered":"https:\/\/www.campingriugelat.com\/producte\/appartement-touristique\/"},"modified":"2025-04-07T17:20:28","modified_gmt":"2025-04-07T17:20:28","slug":"appartement-touristique","status":"publish","type":"product","link":"https:\/\/www.campingriugelat.com\/fr\/producte\/appartement-touristique\/","title":{"rendered":"Appartement touristique"},"content":{"rendered":"<p>Appartement touristique situ\u00e9 \u00e0 Espot.<\/p>\n<p>Prix \u200b\u200bpour la location totale, maximum 4 personnes.<\/p>\n<p>La dur\u00e9e minimale est de 4 nuits. Pour d&rsquo;autres besoins, contactez-nous <\/p>\n<p>REMARQUE : N&rsquo;INCLUT PAS LA TAXE DE S\u00c9JOUR QUI EST DE 1,925 \u20ac PAR PERSONNE (PLUS DE 16 ANS) ET LA NUIT SERA PAY\u00c9E DIRECTEMENT \u00c0 L&rsquo;ARRIV\u00c9E.<br \/>\n Vous pouvez payer par carte bancaire.<\/p>\n<p><strong>LES ANIMAUX NE SONT PAS ADMIS DANS L&rsquo;APPARTEMENT<\/strong><\/p>\n","protected":false},"excerpt":{"rendered":"Appartement touristique situ\u00e9 \u00e0 Espot. Prix \u200b\u200bpour la location totale, maximum 4 personnes. La dur\u00e9e minimale est de 4 nuits. Pour d&rsquo;autres besoins, contactez-nous REMARQUE : N&rsquo;INCLUT PAS LA TAXE DE S\u00c9JOUR QUI EST DE 1,925 \u20ac PAR PERSONNE (PLUS DE 16 ANS) ET LA NUIT SERA PAY\u00c9E DIRECTEMENT \u00c0 L&rsquo;ARRIV\u00c9E. Vous pouvez payer par [&hellip;]","protected":false},"featured_media":307,"template":"","meta":[],"product_brand":[],"product_cat":[44],"product_tag":[],"class_list":{"0":"post-671","1":"product","2":"type-product","3":"status-publish","4":"has-post-thumbnail","6":"product_cat-appartement-touristique","8":"first","9":"instock","10":"shipping-taxable","11":"purchasable","12":"product-type-phive_booking"},"_links":{"self":[{"href":"https:\/\/www.campingriugelat.com\/fr\/wp-json\/wp\/v2\/product\/671","targetHints":{"allow":["GET"]}}],"collection":[{"href":"https:\/\/www.campingriugelat.com\/fr\/wp-json\/wp\/v2\/product"}],"about":[{"href":"https:\/\/www.campingriugelat.com\/fr\/wp-json\/wp\/v2\/types\/product"}],"wp:featuredmedia":[{"embeddable":true,"href":"https:\/\/www.campingriugelat.com\/fr\/wp-json\/wp\/v2\/media\/307"}],"wp:attachment":[{"href":"https:\/\/www.campingriugelat.com\/fr\/wp-json\/wp\/v2\/media?parent=671"}],"wp:term":[{"taxonomy":"product_brand","embeddable":true,"href":"https:\/\/www.campingriugelat.com\/fr\/wp-json\/wp\/v2\/product_brand?post=671"},{"taxonomy":"product_cat","embeddable":true,"href":"https:\/\/www.campingriugelat.com\/fr\/wp-json\/wp\/v2\/product_cat?post=671"},{"taxonomy":"product_tag","embeddable":true,"href":"https:\/\/www.campingriugelat.com\/fr\/wp-json\/wp\/v2\/product_tag?post=671"}],"curies":[{"name":"wp","href":"https:\/\/api.w.org\/{rel}","templated":true}]}}