{"id":827,"date":"2023-07-04T16:05:25","date_gmt":"2023-07-04T16:05:25","guid":{"rendered":"https:\/\/www.campingriugelat.com\/maison\/"},"modified":"2025-03-28T11:29:14","modified_gmt":"2025-03-28T11:29:14","slug":"maison","status":"publish","type":"page","link":"https:\/\/www.campingriugelat.com\/fr\/","title":{"rendered":"Maison"},"content":{"rendered":"<div class=\"hidden-lg hidden-sm hidden-md hidden-xs\">Emplacement de camping | Camping Riu Gelat | Espot est une ville et une municipalit\u00e9 de la r\u00e9gion du Pallars Sobir\u00e0. C&rsquo;est l&rsquo;un des rares termes de la r\u00e9gion qui, tout au long du XXe si\u00e8cle, n&rsquo;a subi aucune sorte d&rsquo;agr\u00e9gation d&rsquo;autres municipalit\u00e9s.<\/p>\n<p>Il est situ\u00e9 au nord-ouest de la r\u00e9gion, \u00e0 l&rsquo;est du parc national d&rsquo;Aig\u00fcestortes et Estany de Sant Maurici, dont il est l&rsquo;une des entr\u00e9es. Une partie importante de ce parc se trouve dans la zone municipale d&rsquo;Espot, en particulier l&rsquo;un de ses lieux les plus embl\u00e9matiques : les Encantats et l&rsquo;Estany de Sant Maurici.<\/p>\n<p>Pont m\u00e9di\u00e9val<br \/>\n Elle fait partie de la Vall d&rsquo;\u00c0neu, mais la ville est situ\u00e9e dans la vall\u00e9e de la Riu Escrita, filiale de la Vall d&rsquo;\u00c0neu dans son secteur sud. L&rsquo;altitude des montagnes qui d\u00e9limitent la vall\u00e9e, ainsi que ses caract\u00e9ristiques climatiques, ont permis l&rsquo;implantation d&rsquo;une station de ski dans la vall\u00e9e, Super Espot, qui a fait de la vall\u00e9e et d&rsquo;Espot elle-m\u00eame l&rsquo;un des lieux les plus touristiques de la r\u00e9gion.<\/p>\n<p>La ville d&rsquo;Espot a, bien que proches les unes des autres, trois noyaux distincts: la vieille ville, connue sous le nom d&rsquo;Obago, la zone orientale, o\u00f9 se trouvent l&rsquo;actuel h\u00f4tel particulier et l&rsquo;\u00e9glise paroissiale de Santa Llogaia, la Casa del Parc et la Casa de Col\u00f2nies d&rsquo;Espot et le Solau r\u00e9cemment construit, plus au nord.<\/p>\n<p>Outre la ville d&rsquo;Espot, la municipalit\u00e9 compte une autre ville, Esta\u00eds, la station de ski, avec deux petits centres de population, Super Espot et Berrader, des vestiges de la ville de Llort, autour du Castell de Llort, des vestiges de l&rsquo;\u00e9glise de Santa Maria d&rsquo;Espot, l&rsquo;ermitage de Sant Maurici, la chapelle de Sant Jaume, la tour de La Torrassa, la centrale hydro\u00e9lectrique d&rsquo;Espot et de nombreuses bordures, en plus des environs d&rsquo;Esta\u00eds, qui sont abord\u00e9s dans l&rsquo;article consacr\u00e9 \u00e0 cette ville. <a href=\"http:\/\/parcsnaturals.gencat.cat\/ca\/aiguestortes\">Parc national d&rsquo;Aig\u00fcestortes et du lac Sant Maurici.<\/a> <\/div>\n<p><a href=\"tarifs\"><iframe class=\"video\" src=\"https:\/\/www.youtube.com\/embed\/5KsxWY_xju8?autoplay=1&amp;controls=0&amp;mute=1&amp;si=xrmUiIWGZuMjpxCx\" title=\"Lecteur vid\u00e9o YouTube\" frameborder=\"0\" allow=\"accelerometer; autoplay; clipboard-write; encrypted-media; gyroscope; picture-in-picture; web-share\" referrerpolicy=\"strict-origin-when-cross-origin\" allowfullscreen=\"\"><\/iframe><br \/>\n<\/a><a href=\"tarifs\"><img decoding=\"async\" src=\"https:\/\/www.campingriugelat.com\/wp-content\/uploads\/2018\/08\/slider1-movil.jpg\" alt=\"Camping Riu Gelat | Emplacement de camping\" width=\"100%\" class=\"alignnone size-full wp-image-100 hidden-lg hidden-md hidden-sm\" srcset=\"https:\/\/www.campingriugelat.com\/wp-content\/uploads\/2018\/08\/slider1-movil.jpg 849w, https:\/\/www.campingriugelat.com\/wp-content\/uploads\/2018\/08\/slider1-movil-177x300.jpg 177w, https:\/\/www.campingriugelat.com\/wp-content\/uploads\/2018\/08\/slider1-movil-768x1303.jpg 768w, https:\/\/www.campingriugelat.com\/wp-content\/uploads\/2018\/08\/slider1-movil-604x1024.jpg 604w\" sizes=\"(max-width: 849px) 100vw, 849px\" \/><\/a><\/p>\n","protected":false},"excerpt":{"rendered":"Emplacement de camping | Camping Riu Gelat | Espot est une ville et une municipalit\u00e9 de la r\u00e9gion du Pallars Sobir\u00e0. C&rsquo;est l&rsquo;un des rares termes de la r\u00e9gion qui, tout au long du XXe si\u00e8cle, n&rsquo;a subi aucune sorte d&rsquo;agr\u00e9gation d&rsquo;autres municipalit\u00e9s. Il est situ\u00e9 au nord-ouest de la r\u00e9gion, \u00e0 l&rsquo;est du parc [&hellip;]","protected":false},"author":1,"featured_media":0,"parent":0,"menu_order":0,"comment_status":"closed","ping_status":"closed","template":"page-custom.php","meta":{"footnotes":""},"class_list":["post-827","page","type-page","status-publish","hentry"],"_links":{"self":[{"href":"https:\/\/www.campingriugelat.com\/fr\/wp-json\/wp\/v2\/pages\/827","targetHints":{"allow":["GET"]}}],"collection":[{"href":"https:\/\/www.campingriugelat.com\/fr\/wp-json\/wp\/v2\/pages"}],"about":[{"href":"https:\/\/www.campingriugelat.com\/fr\/wp-json\/wp\/v2\/types\/page"}],"author":[{"embeddable":true,"href":"https:\/\/www.campingriugelat.com\/fr\/wp-json\/wp\/v2\/users\/1"}],"replies":[{"embeddable":true,"href":"https:\/\/www.campingriugelat.com\/fr\/wp-json\/wp\/v2\/comments?post=827"}],"version-history":[{"count":2,"href":"https:\/\/www.campingriugelat.com\/fr\/wp-json\/wp\/v2\/pages\/827\/revisions"}],"predecessor-version":[{"id":4554,"href":"https:\/\/www.campingriugelat.com\/fr\/wp-json\/wp\/v2\/pages\/827\/revisions\/4554"}],"wp:attachment":[{"href":"https:\/\/www.campingriugelat.com\/fr\/wp-json\/wp\/v2\/media?parent=827"}],"curies":[{"name":"wp","href":"https:\/\/api.w.org\/{rel}","templated":true}]}}