{"id":774,"date":"2023-07-04T16:05:21","date_gmt":"2023-07-04T16:05:21","guid":{"rendered":"https:\/\/www.campingriugelat.com\/le-camping\/"},"modified":"2023-07-04T16:05:21","modified_gmt":"2023-07-04T16:05:21","slug":"le-camping","status":"publish","type":"page","link":"https:\/\/www.campingriugelat.com\/fr\/le-camping\/","title":{"rendered":"Le Camping"},"content":{"rendered":"<p><span class=\"text-center\"><strong>Bienvenue au Camping Riu Gelat.<\/strong><\/span><\/p>\n<p>Nous sommes un camping situ\u00e9 dans une zone de haute montagne, tr\u00e8s fra\u00eeche, situ\u00e9e sur le versant nord de la montagne de la For\u00eat-Noire, \u00e0 la sortie d&rsquo;Espot, \u00e0 environ 800 m\u00e8tres.<br \/>\nAvec 2 cascades spectaculaires \u00e0 c\u00f4t\u00e9 du camping pour se rafra\u00eechir, puisque le camping est \u00e0 quelques m\u00e8tres de la rivi\u00e8re Escrita, \u00e0 c\u00f4t\u00e9 du Barranc de Verat<\/p>\n<p>Nous sommes situ\u00e9s \u00e0 moins d&rsquo;1km d&rsquo;Espot, en direction du Parc National, et \u00e0 seulement 2,5 km de l&rsquo;entr\u00e9e du Parc.<\/p>\n<p>Nous disposons de 61 emplacements de 60 \u00e0 80m2 et 12 emplacements pour camping-cars.<\/p>\n<p>En plus des services suivants :<\/p>\n<div style=\"display:flex;flex-wrap:wrap;justify-content:center;gap:10px;margin:20px auto;max-width:900px;\">\n<div style=\"width:100px;text-align:center;padding:8px 4px;\"><img decoding=\"async\" src=\"https:\/\/www.campingriugelat.com\/wp-content\/uploads\/2026\/03\/bar.svg\" alt=\"Bar\" style=\"width:70px;height:70px;\" \/><br \/><span style=\"font-size:12px;line-height:1.2;display:block;margin-top:4px;\">Bar<\/span><\/div>\n<div style=\"width:100px;text-align:center;padding:8px 4px;\"><img decoding=\"async\" src=\"https:\/\/www.campingriugelat.com\/wp-content\/uploads\/2026\/03\/dutxes.svg\" alt=\"Douches\" style=\"width:70px;height:70px;\" \/><br \/><span style=\"font-size:12px;line-height:1.2;display:block;margin-top:4px;\">Douches<\/span><\/div>\n<div style=\"width:100px;text-align:center;padding:8px 4px;\"><img decoding=\"async\" src=\"https:\/\/www.campingriugelat.com\/wp-content\/uploads\/2026\/03\/infermeria.svg\" alt=\"Infirmerie\" style=\"width:70px;height:70px;\" \/><br \/><span style=\"font-size:12px;line-height:1.2;display:block;margin-top:4px;\">Infirmerie<\/span><\/div>\n<div style=\"width:100px;text-align:center;padding:8px 4px;\"><img decoding=\"async\" src=\"https:\/\/www.campingriugelat.com\/wp-content\/uploads\/2026\/03\/sanifit.svg\" alt=\"Sanifit pour caravanes\" style=\"width:70px;height:70px;\" \/><br \/><span style=\"font-size:12px;line-height:1.2;display:block;margin-top:4px;\">Sanifit pour caravanes<\/span><\/div>\n<div style=\"width:100px;text-align:center;padding:8px 4px;\"><img decoding=\"async\" src=\"https:\/\/www.campingriugelat.com\/wp-content\/uploads\/2026\/03\/adaptat.svg\" alt=\"Adapt\u00e9\" style=\"width:70px;height:70px;\" \/><br \/><span style=\"font-size:12px;line-height:1.2;display:block;margin-top:4px;\">Adapt\u00e9<\/span><\/div>\n<div style=\"width:100px;text-align:center;padding:8px 4px;\"><img decoding=\"async\" src=\"https:\/\/www.campingriugelat.com\/wp-content\/uploads\/2026\/03\/wifi.svg\" alt=\"Wifi\" style=\"width:70px;height:70px;\" \/><br \/><span style=\"font-size:12px;line-height:1.2;display:block;margin-top:4px;\">Wifi<\/span><\/div>\n<div style=\"width:100px;text-align:center;padding:8px 4px;\"><img decoding=\"async\" src=\"https:\/\/www.campingriugelat.com\/wp-content\/uploads\/2026\/03\/supermercat.svg\" alt=\"Supermarch\u00e9\" style=\"width:70px;height:70px;\" \/><br \/><span style=\"font-size:12px;line-height:1.2;display:block;margin-top:4px;\">Supermarch\u00e9<\/span><\/div>\n<div style=\"width:100px;text-align:center;padding:8px 4px;\"><img decoding=\"async\" src=\"https:\/\/www.campingriugelat.com\/wp-content\/uploads\/2026\/03\/wc.svg\" alt=\"Services\" style=\"width:70px;height:70px;\" \/><br \/><span style=\"font-size:12px;line-height:1.2;display:block;margin-top:4px;\">Services<\/span><\/div>\n<div style=\"width:100px;text-align:center;padding:8px 4px;\"><img decoding=\"async\" src=\"https:\/\/www.campingriugelat.com\/wp-content\/uploads\/2026\/03\/rentadora.svg\" alt=\"Machine \u00e0 laver\" style=\"width:70px;height:70px;\" \/><br \/><span style=\"font-size:12px;line-height:1.2;display:block;margin-top:4px;\">Machine \u00e0 laver<\/span><\/div>\n<div style=\"width:100px;text-align:center;padding:8px 4px;\"><img decoding=\"async\" src=\"https:\/\/www.campingriugelat.com\/wp-content\/uploads\/2026\/03\/assecadora.svg\" alt=\"S\u00e8che-linge\" style=\"width:70px;height:70px;\" \/><br \/><span style=\"font-size:12px;line-height:1.2;display:block;margin-top:4px;\">S\u00e8che-linge<\/span><\/div>\n<div style=\"width:100px;text-align:center;padding:8px 4px;\"><img decoding=\"async\" src=\"https:\/\/www.campingriugelat.com\/wp-content\/uploads\/2026\/03\/assecador-cabell.svg\" alt=\"S\u00e8che-cheveux\" style=\"width:70px;height:70px;\" \/><br \/><span style=\"font-size:12px;line-height:1.2;display:block;margin-top:4px;\">S\u00e8che-cheveux<\/span><\/div>\n<\/div>\n","protected":false},"excerpt":{"rendered":"Bienvenue au Camping Riu Gelat. Nous sommes un camping situ\u00e9 dans une zone de haute montagne, tr\u00e8s fra\u00eeche, situ\u00e9e sur le versant nord de la montagne de la For\u00eat-Noire, \u00e0 la sortie d&rsquo;Espot, \u00e0 environ 800 m\u00e8tres. Avec 2 cascades spectaculaires \u00e0 c\u00f4t\u00e9 du camping pour se rafra\u00eechir, puisque le camping est \u00e0 quelques m\u00e8tres [&hellip;]","protected":false},"author":1,"featured_media":0,"parent":0,"menu_order":0,"comment_status":"closed","ping_status":"closed","template":"","meta":{"footnotes":""},"class_list":["post-774","page","type-page","status-publish","hentry"],"_links":{"self":[{"href":"https:\/\/www.campingriugelat.com\/fr\/wp-json\/wp\/v2\/pages\/774","targetHints":{"allow":["GET"]}}],"collection":[{"href":"https:\/\/www.campingriugelat.com\/fr\/wp-json\/wp\/v2\/pages"}],"about":[{"href":"https:\/\/www.campingriugelat.com\/fr\/wp-json\/wp\/v2\/types\/page"}],"author":[{"embeddable":true,"href":"https:\/\/www.campingriugelat.com\/fr\/wp-json\/wp\/v2\/users\/1"}],"replies":[{"embeddable":true,"href":"https:\/\/www.campingriugelat.com\/fr\/wp-json\/wp\/v2\/comments?post=774"}],"version-history":[{"count":0,"href":"https:\/\/www.campingriugelat.com\/fr\/wp-json\/wp\/v2\/pages\/774\/revisions"}],"wp:attachment":[{"href":"https:\/\/www.campingriugelat.com\/fr\/wp-json\/wp\/v2\/media?parent=774"}],"curies":[{"name":"wp","href":"https:\/\/api.w.org\/{rel}","templated":true}]}}