{"id":733,"date":"2023-07-04T16:04:44","date_gmt":"2023-07-04T16:04:44","guid":{"rendered":"https:\/\/www.campingriugelat.com\/autres-hebergements\/"},"modified":"2025-03-28T11:29:27","modified_gmt":"2025-03-28T11:29:27","slug":"autres-hebergements","status":"publish","type":"page","link":"https:\/\/www.campingriugelat.com\/fr\/autres-hebergements\/","title":{"rendered":"Autres h\u00e9bergements"},"content":{"rendered":"<p>\u00c0 partir de la saison 2021, nous lan\u00e7ons de nouvelles options d&rsquo;h\u00e9bergement sous l&rsquo;\u00e9gide du Camping Riu Gelat : Notre refuge, des chambres doubles et un appartement touristique \u00e0 louer.<\/p>\n<h2>abri<\/h2>\n<p>Situ\u00e9 sur le m\u00eame terrain, il dispose des m\u00eames services que le camping :<\/p>\n<div class=\"fotito col-sm-1 text-center\"><img loading=\"lazy\" decoding=\"async\" class=\"alignnone size-full wp-image-68\" src=\"https:\/\/www.campingriugelat.com\/wp-content\/uploads\/2018\/08\/Bar-.png\" alt=\"\" width=\"521\" height=\"522\" srcset=\"https:\/\/www.campingriugelat.com\/wp-content\/uploads\/2018\/08\/Bar-.png 521w, https:\/\/www.campingriugelat.com\/wp-content\/uploads\/2018\/08\/Bar--150x150.png 150w, https:\/\/www.campingriugelat.com\/wp-content\/uploads\/2018\/08\/Bar--300x300.png 300w\" sizes=\"auto, (max-width: 521px) 100vw, 521px\" \/><br \/>\nBar<\/div>\n<div class=\"fotito col-sm-1 text-center\"><img loading=\"lazy\" decoding=\"async\" class=\"alignnone size-large wp-image-69\" src=\"https:\/\/www.campingriugelat.com\/wp-content\/uploads\/2018\/08\/Dutxes.png\" alt=\"\" width=\"522\" height=\"522\" srcset=\"https:\/\/www.campingriugelat.com\/wp-content\/uploads\/2018\/08\/Dutxes.png 522w, https:\/\/www.campingriugelat.com\/wp-content\/uploads\/2018\/08\/Dutxes-150x150.png 150w, https:\/\/www.campingriugelat.com\/wp-content\/uploads\/2018\/08\/Dutxes-300x300.png 300w\" sizes=\"auto, (max-width: 522px) 100vw, 522px\" \/><br \/>\ndouches<\/div>\n<div class=\"fotito col-sm-1 text-center\"><img loading=\"lazy\" decoding=\"async\" class=\"alignnone size-large wp-image-70\" src=\"https:\/\/www.campingriugelat.com\/wp-content\/uploads\/2018\/08\/Enfermeria.png\" alt=\"\" width=\"521\" height=\"522\" srcset=\"https:\/\/www.campingriugelat.com\/wp-content\/uploads\/2018\/08\/Enfermeria.png 521w, https:\/\/www.campingriugelat.com\/wp-content\/uploads\/2018\/08\/Enfermeria-150x150.png 150w, https:\/\/www.campingriugelat.com\/wp-content\/uploads\/2018\/08\/Enfermeria-300x300.png 300w\" sizes=\"auto, (max-width: 521px) 100vw, 521px\" \/><br \/>\ngarderie<\/div>\n<div class=\"fotito col-sm-1 text-center\"><img loading=\"lazy\" decoding=\"async\" class=\"alignnone size-large wp-image-71\" src=\"https:\/\/www.campingriugelat.com\/wp-content\/uploads\/2018\/08\/Sanifit-per-autocaravanes.png\" alt=\"\" width=\"522\" height=\"522\" srcset=\"https:\/\/www.campingriugelat.com\/wp-content\/uploads\/2018\/08\/Sanifit-per-autocaravanes.png 522w, https:\/\/www.campingriugelat.com\/wp-content\/uploads\/2018\/08\/Sanifit-per-autocaravanes-150x150.png 150w, https:\/\/www.campingriugelat.com\/wp-content\/uploads\/2018\/08\/Sanifit-per-autocaravanes-300x300.png 300w\" sizes=\"auto, (max-width: 522px) 100vw, 522px\" \/><br \/>\nSanifit pour caravanes<\/div>\n<div class=\"fotito col-sm-1 text-center\"><img loading=\"lazy\" decoding=\"async\" class=\"alignnone size-large wp-image-72\" src=\"https:\/\/www.campingriugelat.com\/wp-content\/uploads\/2018\/08\/Servei-de-miunusvalits.png\" alt=\"\" width=\"521\" height=\"522\" srcset=\"https:\/\/www.campingriugelat.com\/wp-content\/uploads\/2018\/08\/Servei-de-miunusvalits.png 521w, https:\/\/www.campingriugelat.com\/wp-content\/uploads\/2018\/08\/Servei-de-miunusvalits-150x150.png 150w, https:\/\/www.campingriugelat.com\/wp-content\/uploads\/2018\/08\/Servei-de-miunusvalits-300x300.png 300w\" sizes=\"auto, (max-width: 521px) 100vw, 521px\" \/><br \/>\nadapt\u00e9<\/div>\n<div class=\"fotito col-sm-1 text-center\"><img loading=\"lazy\" decoding=\"async\" class=\"alignnone size-large wp-image-73\" src=\"https:\/\/www.campingriugelat.com\/wp-content\/uploads\/2018\/08\/Servei-de-wifi.png\" alt=\"\" width=\"522\" height=\"522\" srcset=\"https:\/\/www.campingriugelat.com\/wp-content\/uploads\/2018\/08\/Servei-de-wifi.png 522w, https:\/\/www.campingriugelat.com\/wp-content\/uploads\/2018\/08\/Servei-de-wifi-150x150.png 150w, https:\/\/www.campingriugelat.com\/wp-content\/uploads\/2018\/08\/Servei-de-wifi-300x300.png 300w\" sizes=\"auto, (max-width: 522px) 100vw, 522px\" \/><br \/>\nWifi<\/div>\n<div class=\"fotito col-sm-1 text-center\"><img loading=\"lazy\" decoding=\"async\" class=\"alignnone size-large wp-image-74\" src=\"https:\/\/www.campingriugelat.com\/wp-content\/uploads\/2018\/08\/Supermercat.png\" alt=\"\" width=\"522\" height=\"522\" srcset=\"https:\/\/www.campingriugelat.com\/wp-content\/uploads\/2018\/08\/Supermercat.png 522w, https:\/\/www.campingriugelat.com\/wp-content\/uploads\/2018\/08\/Supermercat-150x150.png 150w, https:\/\/www.campingriugelat.com\/wp-content\/uploads\/2018\/08\/Supermercat-300x300.png 300w\" sizes=\"auto, (max-width: 522px) 100vw, 522px\" \/><br \/>\nsupermarch\u00e9<\/div>\n<div class=\"fotito col-sm-1 text-center\"><img loading=\"lazy\" decoding=\"async\" class=\"alignnone size-large wp-image-76\" src=\"https:\/\/www.campingriugelat.com\/wp-content\/uploads\/2018\/08\/WC.png\" alt=\"\" width=\"522\" height=\"522\" srcset=\"https:\/\/www.campingriugelat.com\/wp-content\/uploads\/2018\/08\/WC.png 522w, https:\/\/www.campingriugelat.com\/wp-content\/uploads\/2018\/08\/WC-150x150.png 150w, https:\/\/www.campingriugelat.com\/wp-content\/uploads\/2018\/08\/WC-300x300.png 300w\" sizes=\"auto, (max-width: 522px) 100vw, 522px\" \/><br \/>\nPrestations de service<\/div>\n<div class=\"clearfix\"><\/div>\n<p>De plus, chauffage individuel. Elle peut \u00eatre lou\u00e9e en chambres de 3 \u00e0 8 personnes. <strong>La seule chose que vous devez apporter, ce sont les draps<\/strong> .<br \/>\n<a href=\"r\u00e9servation\">Reserve maintenant!<\/a><\/p>\n<p><a href=\"https:\/\/www.campingriugelat.com\/wp-content\/uploads\/2023\/07\/IMG_1057.jpg\" data-toggle=\"lightbox\" data-gallery=\"1\" data-rel=\"lightbox-image-0\" data-rl_title=\"\" data-rl_caption=\"\" title=\"\"><img decoding=\"async\" class=\"alignnone size-medium wp-image-314\" src=\"https:\/\/www.campingriugelat.com\/wp-content\/uploads\/2023\/07\/IMG_1057.jpg\" alt=\"\" width=\"33%\"><\/a> <a href=\"https:\/\/www.campingriugelat.com\/wp-content\/uploads\/2023\/07\/IMG_1055.jpg\" data-toggle=\"lightbox\" data-gallery=\"1\" data-rel=\"lightbox-image-1\" data-rl_title=\"\" data-rl_caption=\"\" title=\"\"><img decoding=\"async\" class=\"alignnone size-medium wp-image-318\" src=\"https:\/\/www.campingriugelat.com\/wp-content\/uploads\/2023\/07\/IMG_1055.jpg\" alt=\"\" width=\"33%\"><\/a> <a href=\"https:\/\/www.campingriugelat.com\/wp-content\/uploads\/2023\/07\/IMG_1052.jpg\" data-toggle=\"lightbox\" data-gallery=\"1\" data-rel=\"lightbox-image-2\" data-rl_title=\"\" data-rl_caption=\"\" title=\"\"><img decoding=\"async\" class=\"alignnone size-medium wp-image-322\" src=\"https:\/\/www.campingriugelat.com\/wp-content\/uploads\/2023\/07\/IMG_1052.jpg\" alt=\"\" width=\"33%\"><\/a><\/p>\n<hr>\n<h2>Pi\u00e8ces<\/h2>\n<p>Nos chambres disposent de 2 lits, toilettes priv\u00e9es, r\u00e9frig\u00e9rateur et chauffage.<br \/>\n<a href=\"r\u00e9servation\">Reserve maintenant!<\/a><\/p>\n<p><a href=\"https:\/\/www.campingriugelat.com\/wp-content\/uploads\/2023\/07\/IMG_1049.jpg\" data-toggle=\"lightbox\" data-gallery=\"1\" data-rel=\"lightbox-image-3\" data-rl_title=\"\" data-rl_caption=\"\" title=\"\"><img decoding=\"async\" class=\"alignnone size-medium wp-image-314\" src=\"https:\/\/www.campingriugelat.com\/wp-content\/uploads\/2023\/07\/IMG_1049.jpg\" alt=\"\" width=\"33%\"><\/a> <a href=\"https:\/\/www.campingriugelat.com\/wp-content\/uploads\/2023\/07\/IMG_1047.jpg\" data-toggle=\"lightbox\" data-gallery=\"1\" data-rel=\"lightbox-image-4\" data-rl_title=\"\" data-rl_caption=\"\" title=\"\"><img decoding=\"async\" class=\"alignnone size-medium wp-image-318\" src=\"https:\/\/www.campingriugelat.com\/wp-content\/uploads\/2023\/07\/IMG_1047.jpg\" alt=\"\" width=\"33%\"><\/a> <a href=\"https:\/\/www.campingriugelat.com\/wp-content\/uploads\/2023\/07\/IMG_1044.jpg\" data-toggle=\"lightbox\" data-gallery=\"1\" data-rel=\"lightbox-image-5\" data-rl_title=\"\" data-rl_caption=\"\" title=\"\"><img decoding=\"async\" class=\"alignnone size-medium wp-image-322\" src=\"https:\/\/www.campingriugelat.com\/wp-content\/uploads\/2023\/07\/IMG_1044.jpg\" alt=\"\" width=\"33%\"><\/a><\/p>\n<hr>\n<h2>Appartement touristique<\/h2>\n<p>Appartement touristique situ\u00e9 \u00e0 Espot.<br \/>\n<a href=\"r\u00e9servation\">Reserve maintenant!<\/a><\/p>\n<p><a href=\"https:\/\/www.campingriugelat.com\/wp-content\/uploads\/2021\/05\/IMG-20210421-WA0000-1.jpg\" data-toggle=\"lightbox\" data-gallery=\"3\" data-rel=\"lightbox-image-6\" data-rl_title=\"\" data-rl_caption=\"\" title=\"\"><img decoding=\"async\" class=\"alignnone size-medium wp-image-305\" src=\"https:\/\/www.campingriugelat.com\/wp-content\/uploads\/2021\/05\/IMG-20210421-WA0000-1.jpg\" alt=\"\" width=\"33%\" srcset=\"https:\/\/www.campingriugelat.com\/wp-content\/uploads\/2021\/05\/IMG-20210421-WA0000-1.jpg 1600w, https:\/\/www.campingriugelat.com\/wp-content\/uploads\/2021\/05\/IMG-20210421-WA0000-1-300x169.jpg 300w, https:\/\/www.campingriugelat.com\/wp-content\/uploads\/2021\/05\/IMG-20210421-WA0000-1-1024x577.jpg 1024w, https:\/\/www.campingriugelat.com\/wp-content\/uploads\/2021\/05\/IMG-20210421-WA0000-1-768x432.jpg 768w, https:\/\/www.campingriugelat.com\/wp-content\/uploads\/2021\/05\/IMG-20210421-WA0000-1-1536x865.jpg 1536w\" sizes=\"(max-width: 1600px) 100vw, 1600px\" \/><\/a> <a href=\"https:\/\/www.campingriugelat.com\/wp-content\/uploads\/2021\/07\/20210423_191301-1.jpg\" data-toggle=\"lightbox\" data-gallery=\"3\" data-rel=\"lightbox-image-7\" data-rl_title=\"\" data-rl_caption=\"\" title=\"\"><img decoding=\"async\" class=\"alignnone size-medium wp-image-305\" src=\"https:\/\/www.campingriugelat.com\/wp-content\/uploads\/2021\/07\/20210423_191301-1.jpg\" alt=\"\" width=\"33%\"><\/a> <a href=\"http:\/\/www.campingriugelat.com\/wp-content\/uploads\/2021\/07\/20210423_190851-1-rotated.jpg\" data-toggle=\"lightbox\" data-gallery=\"3\" data-rel=\"lightbox-image-8\" data-rl_title=\"\" data-rl_caption=\"\" title=\"\"><img decoding=\"async\" class=\"alignnone size-medium wp-image-305\" src=\"http:\/\/www.campingriugelat.com\/wp-content\/uploads\/2021\/07\/20210423_190851-1-rotated.jpg\" alt=\"\" width=\"33%\"><\/a> <a href=\"https:\/\/www.campingriugelat.com\/wp-content\/uploads\/2021\/07\/20210423_190825-1.jpg\" data-toggle=\"lightbox\" data-gallery=\"3\" data-rel=\"lightbox-image-9\" data-rl_title=\"\" data-rl_caption=\"\" title=\"\"><img decoding=\"async\" class=\"alignnone size-medium wp-image-305\" src=\"https:\/\/www.campingriugelat.com\/wp-content\/uploads\/2021\/07\/20210423_190825-1.jpg\" alt=\"\" width=\"33%\"><\/a> <a href=\"https:\/\/www.campingriugelat.com\/wp-content\/uploads\/2021\/07\/20210526_131056-1.jpg\" data-toggle=\"lightbox\" data-gallery=\"3\" data-rel=\"lightbox-image-10\" data-rl_title=\"\" data-rl_caption=\"\" title=\"\"><img decoding=\"async\" class=\"alignnone size-medium wp-image-305\" src=\"https:\/\/www.campingriugelat.com\/wp-content\/uploads\/2021\/07\/20210526_131056-1.jpg\" alt=\"\" width=\"33%\"><\/a><\/p>\n","protected":false},"excerpt":{"rendered":"\u00c0 partir de la saison 2021, nous lan\u00e7ons de nouvelles options d&rsquo;h\u00e9bergement sous l&rsquo;\u00e9gide du Camping Riu Gelat : Notre refuge, des chambres doubles et un appartement touristique \u00e0 louer. abri Situ\u00e9 sur le m\u00eame terrain, il dispose des m\u00eames services que le camping : Bar douches garderie Sanifit pour caravanes adapt\u00e9 Wifi supermarch\u00e9 Prestations [&hellip;]","protected":false},"author":1,"featured_media":0,"parent":0,"menu_order":0,"comment_status":"closed","ping_status":"closed","template":"","meta":{"footnotes":""},"class_list":["post-733","page","type-page","status-publish","hentry"],"_links":{"self":[{"href":"https:\/\/www.campingriugelat.com\/fr\/wp-json\/wp\/v2\/pages\/733","targetHints":{"allow":["GET"]}}],"collection":[{"href":"https:\/\/www.campingriugelat.com\/fr\/wp-json\/wp\/v2\/pages"}],"about":[{"href":"https:\/\/www.campingriugelat.com\/fr\/wp-json\/wp\/v2\/types\/page"}],"author":[{"embeddable":true,"href":"https:\/\/www.campingriugelat.com\/fr\/wp-json\/wp\/v2\/users\/1"}],"replies":[{"embeddable":true,"href":"https:\/\/www.campingriugelat.com\/fr\/wp-json\/wp\/v2\/comments?post=733"}],"version-history":[{"count":1,"href":"https:\/\/www.campingriugelat.com\/fr\/wp-json\/wp\/v2\/pages\/733\/revisions"}],"predecessor-version":[{"id":4829,"href":"https:\/\/www.campingriugelat.com\/fr\/wp-json\/wp\/v2\/pages\/733\/revisions\/4829"}],"wp:attachment":[{"href":"https:\/\/www.campingriugelat.com\/fr\/wp-json\/wp\/v2\/media?parent=733"}],"curies":[{"name":"wp","href":"https:\/\/api.w.org\/{rel}","templated":true}]}}