{"id":696,"date":"2023-06-28T16:02:40","date_gmt":"2023-07-04T16:04:25","guid":{"rendered":"https:\/\/www.campingriugelat.com\/producte\/habitacion-con-bano-privado\/"},"modified":"2025-04-07T17:21:09","modified_gmt":"2025-04-07T17:21:09","slug":"habitacion-con-bano-privat","status":"publish","type":"product","link":"https:\/\/www.campingriugelat.com\/es\/producte\/habitacion-con-bano-privat\/","title":{"rendered":"Habitaci\u00f3n con ba\u00f1o privado"},"content":{"rendered":"<p>Precio por habitaci\u00f3n entera, m\u00e1ximo dos personas.<\/p>\n<p> NOTA: NO INCLUYE TASA TUR\u00cdSTICA QUE SE DE 0,99\u20ac POR PERSONA (MAYOR DE 16 A\u00d1OS) Y NOCHE, SE ABONAR\u00c1 DIRECTAMENTE A LA LLEGADA.<br \/>\n Se puede pagar con tarjeta bancaria.<\/p>\n<p> <strong>NO SE PERMITE LA ENTRADA DE MASCOTAS EN LAS HABITACIONES<\/strong><\/p>\n","protected":false},"excerpt":{"rendered":"Precio por habitaci\u00f3n entera, m\u00e1ximo dos personas. NOTA: NO INCLUYE TASA TUR\u00cdSTICA QUE SE DE 0,99\u20ac POR PERSONA (MAYOR DE 16 A\u00d1OS) Y NOCHE, SE ABONAR\u00c1 DIRECTAMENTE A LA LLEGADA. Se puede pagar con tarjeta bancaria. NO SE PERMITE LA ENTRADA DE MASCOTAS EN LAS HABITACIONES","protected":false},"featured_media":1228,"template":"","meta":[],"product_brand":[],"product_cat":[54],"product_tag":[],"class_list":{"0":"post-696","1":"product","2":"type-product","3":"status-publish","4":"has-post-thumbnail","6":"product_cat-habitacion-con-bano-privado","8":"first","9":"instock","10":"shipping-taxable","11":"purchasable","12":"product-type-phive_booking"},"_links":{"self":[{"href":"https:\/\/www.campingriugelat.com\/es\/wp-json\/wp\/v2\/product\/696","targetHints":{"allow":["GET"]}}],"collection":[{"href":"https:\/\/www.campingriugelat.com\/es\/wp-json\/wp\/v2\/product"}],"about":[{"href":"https:\/\/www.campingriugelat.com\/es\/wp-json\/wp\/v2\/types\/product"}],"wp:featuredmedia":[{"embeddable":true,"href":"https:\/\/www.campingriugelat.com\/es\/wp-json\/wp\/v2\/media\/1228"}],"wp:attachment":[{"href":"https:\/\/www.campingriugelat.com\/es\/wp-json\/wp\/v2\/media?parent=696"}],"wp:term":[{"taxonomy":"product_brand","embeddable":true,"href":"https:\/\/www.campingriugelat.com\/es\/wp-json\/wp\/v2\/product_brand?post=696"},{"taxonomy":"product_cat","embeddable":true,"href":"https:\/\/www.campingriugelat.com\/es\/wp-json\/wp\/v2\/product_cat?post=696"},{"taxonomy":"product_tag","embeddable":true,"href":"https:\/\/www.campingriugelat.com\/es\/wp-json\/wp\/v2\/product_tag?post=696"}],"curies":[{"name":"wp","href":"https:\/\/api.w.org\/{rel}","templated":true}]}}