{"id":678,"date":"2023-06-28T16:20:46","date_gmt":"2023-07-04T16:04:00","guid":{"rendered":"https:\/\/www.campingriugelat.com\/producte\/apartamento-turistico\/"},"modified":"2025-04-07T17:20:46","modified_gmt":"2025-04-07T17:20:46","slug":"apartamento-turistico","status":"publish","type":"product","link":"https:\/\/www.campingriugelat.com\/es\/producte\/apartamento-turistico\/","title":{"rendered":"Apartamento tur\u00edstico"},"content":{"rendered":"<p>Apartamento tur\u00edstico situado en Espot.<\/p>\n<p>Precio por alquiler total, m\u00e1ximo 4 personas.<\/p>\n<p>La duraci\u00f3n m\u00ednima es 4 noches. Para otras necesidades, cont\u00e1ctenos <\/p>\n<p>NOTA: NO INCLUYE TASA TUR\u00cdSTICA QUE SE DE 1,925\u20ac POR PERSONA (MAYOR DE 16 A\u00d1OS) Y NOCHE SE ABONAR\u00c1 DIRECTAMENTE A LA LLEGADA.<br \/>\n Se puede pagar con tarjeta bancaria.<\/p>\n<p><strong>NO SE PERMITE LA ENTRADA DE MASCOTAS EN EL APARTAMENTO<\/strong><\/p>\n","protected":false},"excerpt":{"rendered":"Apartamento tur\u00edstico situado en Espot. Precio por alquiler total, m\u00e1ximo 4 personas. La duraci\u00f3n m\u00ednima es 4 noches. Para otras necesidades, cont\u00e1ctenos NOTA: NO INCLUYE TASA TUR\u00cdSTICA QUE SE DE 1,925\u20ac POR PERSONA (MAYOR DE 16 A\u00d1OS) Y NOCHE SE ABONAR\u00c1 DIRECTAMENTE A LA LLEGADA. Se puede pagar con tarjeta bancaria. NO SE PERMITE LA [&hellip;]","protected":false},"featured_media":308,"template":"","meta":[],"product_brand":[],"product_cat":[49],"product_tag":[],"class_list":{"0":"post-678","1":"product","2":"type-product","3":"status-publish","4":"has-post-thumbnail","6":"product_cat-apartamento-turistico","8":"first","9":"instock","10":"shipping-taxable","11":"purchasable","12":"product-type-phive_booking"},"_links":{"self":[{"href":"https:\/\/www.campingriugelat.com\/es\/wp-json\/wp\/v2\/product\/678","targetHints":{"allow":["GET"]}}],"collection":[{"href":"https:\/\/www.campingriugelat.com\/es\/wp-json\/wp\/v2\/product"}],"about":[{"href":"https:\/\/www.campingriugelat.com\/es\/wp-json\/wp\/v2\/types\/product"}],"wp:featuredmedia":[{"embeddable":true,"href":"https:\/\/www.campingriugelat.com\/es\/wp-json\/wp\/v2\/media\/308"}],"wp:attachment":[{"href":"https:\/\/www.campingriugelat.com\/es\/wp-json\/wp\/v2\/media?parent=678"}],"wp:term":[{"taxonomy":"product_brand","embeddable":true,"href":"https:\/\/www.campingriugelat.com\/es\/wp-json\/wp\/v2\/product_brand?post=678"},{"taxonomy":"product_cat","embeddable":true,"href":"https:\/\/www.campingriugelat.com\/es\/wp-json\/wp\/v2\/product_cat?post=678"},{"taxonomy":"product_tag","embeddable":true,"href":"https:\/\/www.campingriugelat.com\/es\/wp-json\/wp\/v2\/product_tag?post=678"}],"curies":[{"name":"wp","href":"https:\/\/api.w.org\/{rel}","templated":true}]}}