{"id":675,"date":"2023-06-28T16:10:23","date_gmt":"2023-07-04T16:03:53","guid":{"rendered":"https:\/\/www.campingriugelat.com\/producte\/cama-en-habitacion-compartida-max-8-personas-refugio\/"},"modified":"2025-04-07T17:20:31","modified_gmt":"2025-04-07T17:20:31","slug":"cama-en-habitacion-compartida-de-max-8-personas","status":"publish","type":"product","link":"https:\/\/www.campingriugelat.com\/es\/producte\/cama-en-habitacion-compartida-de-max-8-personas\/","title":{"rendered":"Cama en habitaci\u00f3n compartida (m\u00e1x. 8 personas) &#8211; Refugio"},"content":{"rendered":"<p>Precio por persona de cama en una habitaci\u00f3n compartida, m\u00e1ximo 8 personas.<\/p>\n<p>El ba\u00f1o y otros servicios son los comunes del camping. Llevar ropa de cama, ya que no est\u00e1 incluida. 1,90x90cm<\/p>\n<p>Si tienes dudas, cont\u00e1ctanos.<\/p>\n<p>NOTA: NO INCLUYE TASA TUR\u00cdSTICA QUE SE DE 0,99\u20ac POR PERSONA (MAYOR DE 16 A\u00d1OS) Y NOCHE, SE ABONAR\u00c1 DIRECTAMENTE A LA LLEGADA.<br \/>\n Se puede pagar con tarjeta bancaria.<\/p>\n<p><strong>NO SE PERMITE LA ENTRADA DE MASCOTAS EN LAS HABITACIONES<\/strong><\/p>\n","protected":false},"excerpt":{"rendered":"Precio por persona de cama en una habitaci\u00f3n compartida, m\u00e1ximo 8 personas. El ba\u00f1o y otros servicios son los comunes del camping. Llevar ropa de cama, ya que no est\u00e1 incluida. 1,90x90cm Si tienes dudas, cont\u00e1ctanos. NOTA: NO INCLUYE TASA TUR\u00cdSTICA QUE SE DE 0,99\u20ac POR PERSONA (MAYOR DE 16 A\u00d1OS) Y NOCHE, SE ABONAR\u00c1 [&hellip;]","protected":false},"featured_media":1260,"template":"","meta":[],"product_brand":[],"product_cat":[46],"product_tag":[],"class_list":{"0":"post-675","1":"product","2":"type-product","3":"status-publish","4":"has-post-thumbnail","6":"product_cat-habitacion-compartida","8":"first","9":"instock","10":"shipping-taxable","11":"purchasable","12":"product-type-phive_booking"},"_links":{"self":[{"href":"https:\/\/www.campingriugelat.com\/es\/wp-json\/wp\/v2\/product\/675","targetHints":{"allow":["GET"]}}],"collection":[{"href":"https:\/\/www.campingriugelat.com\/es\/wp-json\/wp\/v2\/product"}],"about":[{"href":"https:\/\/www.campingriugelat.com\/es\/wp-json\/wp\/v2\/types\/product"}],"wp:featuredmedia":[{"embeddable":true,"href":"https:\/\/www.campingriugelat.com\/es\/wp-json\/wp\/v2\/media\/1260"}],"wp:attachment":[{"href":"https:\/\/www.campingriugelat.com\/es\/wp-json\/wp\/v2\/media?parent=675"}],"wp:term":[{"taxonomy":"product_brand","embeddable":true,"href":"https:\/\/www.campingriugelat.com\/es\/wp-json\/wp\/v2\/product_brand?post=675"},{"taxonomy":"product_cat","embeddable":true,"href":"https:\/\/www.campingriugelat.com\/es\/wp-json\/wp\/v2\/product_cat?post=675"},{"taxonomy":"product_tag","embeddable":true,"href":"https:\/\/www.campingriugelat.com\/es\/wp-json\/wp\/v2\/product_tag?post=675"}],"curies":[{"name":"wp","href":"https:\/\/api.w.org\/{rel}","templated":true}]}}