{"id":735,"date":"2023-07-04T16:04:45","date_gmt":"2023-07-04T16:04:45","guid":{"rendered":"https:\/\/www.campingriugelat.com\/otros-alojamientos\/"},"modified":"2025-03-28T11:29:27","modified_gmt":"2025-03-28T11:29:27","slug":"otros-alojamientos","status":"publish","type":"page","link":"https:\/\/www.campingriugelat.com\/es\/otros-alojamientos\/","title":{"rendered":"Otros alojamientos"},"content":{"rendered":"<p>Desde la temporada 2021, estrenamos nuevas opciones de alojamiento bajo el paraguas del Camping Riu Gelat: Nuestro refugio, las habitaciones dobles y un apartamento tur\u00edstico en alquiler.<\/p>\n<h2>Refugio<\/h2>\n<p>Situado dentro del mismo recinto, dispone de todos los mismos servicios que el camping:<\/p>\n<div class=\"fotito col-sm-1 text-center\"><img loading=\"lazy\" decoding=\"async\" class=\"alignnone size-full wp-image-68\" src=\"https:\/\/www.campingriugelat.com\/wp-content\/uploads\/2018\/08\/Bar-.png\" alt=\"\" width=\"521\" height=\"522\" srcset=\"https:\/\/www.campingriugelat.com\/wp-content\/uploads\/2018\/08\/Bar-.png 521w, https:\/\/www.campingriugelat.com\/wp-content\/uploads\/2018\/08\/Bar--150x150.png 150w, https:\/\/www.campingriugelat.com\/wp-content\/uploads\/2018\/08\/Bar--300x300.png 300w\" sizes=\"auto, (max-width: 521px) 100vw, 521px\" \/><br \/>\nBar<\/div>\n<div class=\"fotito col-sm-1 text-center\"><img loading=\"lazy\" decoding=\"async\" class=\"alignnone size-large wp-image-69\" src=\"https:\/\/www.campingriugelat.com\/wp-content\/uploads\/2018\/08\/Dutxes.png\" alt=\"\" width=\"522\" height=\"522\" srcset=\"https:\/\/www.campingriugelat.com\/wp-content\/uploads\/2018\/08\/Dutxes.png 522w, https:\/\/www.campingriugelat.com\/wp-content\/uploads\/2018\/08\/Dutxes-150x150.png 150w, https:\/\/www.campingriugelat.com\/wp-content\/uploads\/2018\/08\/Dutxes-300x300.png 300w\" sizes=\"auto, (max-width: 522px) 100vw, 522px\" \/><br \/>\nDuchas<\/div>\n<div class=\"fotito col-sm-1 text-center\"><img loading=\"lazy\" decoding=\"async\" class=\"alignnone size-large wp-image-70\" src=\"https:\/\/www.campingriugelat.com\/wp-content\/uploads\/2018\/08\/Enfermeria.png\" alt=\"\" width=\"521\" height=\"522\" srcset=\"https:\/\/www.campingriugelat.com\/wp-content\/uploads\/2018\/08\/Enfermeria.png 521w, https:\/\/www.campingriugelat.com\/wp-content\/uploads\/2018\/08\/Enfermeria-150x150.png 150w, https:\/\/www.campingriugelat.com\/wp-content\/uploads\/2018\/08\/Enfermeria-300x300.png 300w\" sizes=\"auto, (max-width: 521px) 100vw, 521px\" \/><br \/>\nEnfermer\u00eda<\/div>\n<div class=\"fotito col-sm-1 text-center\"><img loading=\"lazy\" decoding=\"async\" class=\"alignnone size-large wp-image-71\" src=\"https:\/\/www.campingriugelat.com\/wp-content\/uploads\/2018\/08\/Sanifit-per-autocaravanes.png\" alt=\"\" width=\"522\" height=\"522\" srcset=\"https:\/\/www.campingriugelat.com\/wp-content\/uploads\/2018\/08\/Sanifit-per-autocaravanes.png 522w, https:\/\/www.campingriugelat.com\/wp-content\/uploads\/2018\/08\/Sanifit-per-autocaravanes-150x150.png 150w, https:\/\/www.campingriugelat.com\/wp-content\/uploads\/2018\/08\/Sanifit-per-autocaravanes-300x300.png 300w\" sizes=\"auto, (max-width: 522px) 100vw, 522px\" \/><br \/>\nSanifito por caravanas<\/div>\n<div class=\"fotito col-sm-1 text-center\"><img loading=\"lazy\" decoding=\"async\" class=\"alignnone size-large wp-image-72\" src=\"https:\/\/www.campingriugelat.com\/wp-content\/uploads\/2018\/08\/Servei-de-miunusvalits.png\" alt=\"\" width=\"521\" height=\"522\" srcset=\"https:\/\/www.campingriugelat.com\/wp-content\/uploads\/2018\/08\/Servei-de-miunusvalits.png 521w, https:\/\/www.campingriugelat.com\/wp-content\/uploads\/2018\/08\/Servei-de-miunusvalits-150x150.png 150w, https:\/\/www.campingriugelat.com\/wp-content\/uploads\/2018\/08\/Servei-de-miunusvalits-300x300.png 300w\" sizes=\"auto, (max-width: 521px) 100vw, 521px\" \/><br \/>\nAdaptado<\/div>\n<div class=\"fotito col-sm-1 text-center\"><img loading=\"lazy\" decoding=\"async\" class=\"alignnone size-large wp-image-73\" src=\"https:\/\/www.campingriugelat.com\/wp-content\/uploads\/2018\/08\/Servei-de-wifi.png\" alt=\"\" width=\"522\" height=\"522\" srcset=\"https:\/\/www.campingriugelat.com\/wp-content\/uploads\/2018\/08\/Servei-de-wifi.png 522w, https:\/\/www.campingriugelat.com\/wp-content\/uploads\/2018\/08\/Servei-de-wifi-150x150.png 150w, https:\/\/www.campingriugelat.com\/wp-content\/uploads\/2018\/08\/Servei-de-wifi-300x300.png 300w\" sizes=\"auto, (max-width: 522px) 100vw, 522px\" \/><br \/>\nWifi<\/div>\n<div class=\"fotito col-sm-1 text-center\"><img loading=\"lazy\" decoding=\"async\" class=\"alignnone size-large wp-image-74\" src=\"https:\/\/www.campingriugelat.com\/wp-content\/uploads\/2018\/08\/Supermercat.png\" alt=\"\" width=\"522\" height=\"522\" srcset=\"https:\/\/www.campingriugelat.com\/wp-content\/uploads\/2018\/08\/Supermercat.png 522w, https:\/\/www.campingriugelat.com\/wp-content\/uploads\/2018\/08\/Supermercat-150x150.png 150w, https:\/\/www.campingriugelat.com\/wp-content\/uploads\/2018\/08\/Supermercat-300x300.png 300w\" sizes=\"auto, (max-width: 522px) 100vw, 522px\" \/><br \/>\nSupermercado<\/div>\n<div class=\"fotito col-sm-1 text-center\"><img loading=\"lazy\" decoding=\"async\" class=\"alignnone size-large wp-image-76\" src=\"https:\/\/www.campingriugelat.com\/wp-content\/uploads\/2018\/08\/WC.png\" alt=\"\" width=\"522\" height=\"522\" srcset=\"https:\/\/www.campingriugelat.com\/wp-content\/uploads\/2018\/08\/WC.png 522w, https:\/\/www.campingriugelat.com\/wp-content\/uploads\/2018\/08\/WC-150x150.png 150w, https:\/\/www.campingriugelat.com\/wp-content\/uploads\/2018\/08\/WC-300x300.png 300w\" sizes=\"auto, (max-width: 522px) 100vw, 522px\" \/><br \/>\nServicios<\/div>\n<div class=\"clearfix\"><\/div>\n<p>Adem\u00e1s de calefacci\u00f3n individual. Se puede alquilar como habitaciones de 3 a 8 personas. <strong>Lo \u00fanico que debe llevar son las s\u00e1banas<\/strong> .<br \/>\n<a href=\"reserva\">\u00a1Reserva ahora!<\/a><\/p>\n<p><a href=\"https:\/\/www.campingriugelat.com\/wp-content\/uploads\/2023\/07\/IMG_1057.jpg\" data-toggle=\"lightbox\" data-gallery=\"1\" data-rel=\"lightbox-image-0\" data-rl_title=\"\" data-rl_caption=\"\" title=\"\"><img decoding=\"async\" class=\"alignnone size-medium wp-image-314\" src=\"https:\/\/www.campingriugelat.com\/wp-content\/uploads\/2023\/07\/IMG_1057.jpg\" alt=\"\" width=\"33%\"><\/a> <a href=\"https:\/\/www.campingriugelat.com\/wp-content\/uploads\/2023\/07\/IMG_1055.jpg\" data-toggle=\"lightbox\" data-gallery=\"1\" data-rel=\"lightbox-image-1\" data-rl_title=\"\" data-rl_caption=\"\" title=\"\"><img decoding=\"async\" class=\"alignnone size-medium wp-image-318\" src=\"https:\/\/www.campingriugelat.com\/wp-content\/uploads\/2023\/07\/IMG_1055.jpg\" alt=\"\" width=\"33%\"><\/a> <a href=\"https:\/\/www.campingriugelat.com\/wp-content\/uploads\/2023\/07\/IMG_1052.jpg\" data-toggle=\"lightbox\" data-gallery=\"1\" data-rel=\"lightbox-image-2\" data-rl_title=\"\" data-rl_caption=\"\" title=\"\"><img decoding=\"async\" class=\"alignnone size-medium wp-image-322\" src=\"https:\/\/www.campingriugelat.com\/wp-content\/uploads\/2023\/07\/IMG_1052.jpg\" alt=\"\" width=\"33%\"><\/a><\/p>\n<hr>\n<h2>Habitaciones<\/h2>\n<p>Nuestras habitaciones disponen de 2 camas, aseo privado, nevera y calefacci\u00f3n.<br \/>\n<a href=\"reserva\">\u00a1Reserva ahora!<\/a><\/p>\n<p><a href=\"https:\/\/www.campingriugelat.com\/wp-content\/uploads\/2023\/07\/IMG_1049.jpg\" data-toggle=\"lightbox\" data-gallery=\"1\" data-rel=\"lightbox-image-3\" data-rl_title=\"\" data-rl_caption=\"\" title=\"\"><img decoding=\"async\" class=\"alignnone size-medium wp-image-314\" src=\"https:\/\/www.campingriugelat.com\/wp-content\/uploads\/2023\/07\/IMG_1049.jpg\" alt=\"\" width=\"33%\"><\/a> <a href=\"https:\/\/www.campingriugelat.com\/wp-content\/uploads\/2023\/07\/IMG_1047.jpg\" data-toggle=\"lightbox\" data-gallery=\"1\" data-rel=\"lightbox-image-4\" data-rl_title=\"\" data-rl_caption=\"\" title=\"\"><img decoding=\"async\" class=\"alignnone size-medium wp-image-318\" src=\"https:\/\/www.campingriugelat.com\/wp-content\/uploads\/2023\/07\/IMG_1047.jpg\" alt=\"\" width=\"33%\"><\/a> <a href=\"https:\/\/www.campingriugelat.com\/wp-content\/uploads\/2023\/07\/IMG_1044.jpg\" data-toggle=\"lightbox\" data-gallery=\"1\" data-rel=\"lightbox-image-5\" data-rl_title=\"\" data-rl_caption=\"\" title=\"\"><img decoding=\"async\" class=\"alignnone size-medium wp-image-322\" src=\"https:\/\/www.campingriugelat.com\/wp-content\/uploads\/2023\/07\/IMG_1044.jpg\" alt=\"\" width=\"33%\"><\/a><\/p>\n<hr>\n<h2>Apartamento tur\u00edstico<\/h2>\n<p>Apartamento tur\u00edstico situado en Espot.<br \/>\n<a href=\"reserva\">\u00a1Reserva ahora!<\/a><\/p>\n<p><a href=\"https:\/\/www.campingriugelat.com\/wp-content\/uploads\/2021\/05\/IMG-20210421-WA0000-1.jpg\" data-toggle=\"lightbox\" data-gallery=\"3\" data-rel=\"lightbox-image-6\" data-rl_title=\"\" data-rl_caption=\"\" title=\"\"><img decoding=\"async\" class=\"alignnone size-medium wp-image-305\" src=\"https:\/\/www.campingriugelat.com\/wp-content\/uploads\/2021\/05\/IMG-20210421-WA0000-1.jpg\" alt=\"\" width=\"33%\" srcset=\"https:\/\/www.campingriugelat.com\/wp-content\/uploads\/2021\/05\/IMG-20210421-WA0000-1.jpg 1600w, https:\/\/www.campingriugelat.com\/wp-content\/uploads\/2021\/05\/IMG-20210421-WA0000-1-300x169.jpg 300w, https:\/\/www.campingriugelat.com\/wp-content\/uploads\/2021\/05\/IMG-20210421-WA0000-1-1024x577.jpg 1024w, https:\/\/www.campingriugelat.com\/wp-content\/uploads\/2021\/05\/IMG-20210421-WA0000-1-768x432.jpg 768w, https:\/\/www.campingriugelat.com\/wp-content\/uploads\/2021\/05\/IMG-20210421-WA0000-1-1536x865.jpg 1536w\" sizes=\"(max-width: 1600px) 100vw, 1600px\" \/><\/a> <a href=\"https:\/\/www.campingriugelat.com\/wp-content\/uploads\/2021\/07\/20210423_191301-1.jpg\" data-toggle=\"lightbox\" data-gallery=\"3\" data-rel=\"lightbox-image-7\" data-rl_title=\"\" data-rl_caption=\"\" title=\"\"><img decoding=\"async\" class=\"alignnone size-medium wp-image-305\" src=\"https:\/\/www.campingriugelat.com\/wp-content\/uploads\/2021\/07\/20210423_191301-1.jpg\" alt=\"\" width=\"33%\"><\/a> <a href=\"http:\/\/www.campingriugelat.com\/wp-content\/uploads\/2021\/07\/20210423_190851-1-rotated.jpg\" data-toggle=\"lightbox\" data-gallery=\"3\" data-rel=\"lightbox-image-8\" data-rl_title=\"\" data-rl_caption=\"\" title=\"\"><img decoding=\"async\" class=\"alignnone size-medium wp-image-305\" src=\"http:\/\/www.campingriugelat.com\/wp-content\/uploads\/2021\/07\/20210423_190851-1-rotated.jpg\" alt=\"\" width=\"33%\"><\/a> <a href=\"https:\/\/www.campingriugelat.com\/wp-content\/uploads\/2021\/07\/20210423_190825-1.jpg\" data-toggle=\"lightbox\" data-gallery=\"3\" data-rel=\"lightbox-image-9\" data-rl_title=\"\" data-rl_caption=\"\" title=\"\"><img decoding=\"async\" class=\"alignnone size-medium wp-image-305\" src=\"https:\/\/www.campingriugelat.com\/wp-content\/uploads\/2021\/07\/20210423_190825-1.jpg\" alt=\"\" width=\"33%\"><\/a> <a href=\"https:\/\/www.campingriugelat.com\/wp-content\/uploads\/2021\/07\/20210526_131056-1.jpg\" data-toggle=\"lightbox\" data-gallery=\"3\" data-rel=\"lightbox-image-10\" data-rl_title=\"\" data-rl_caption=\"\" title=\"\"><img decoding=\"async\" class=\"alignnone size-medium wp-image-305\" src=\"https:\/\/www.campingriugelat.com\/wp-content\/uploads\/2021\/07\/20210526_131056-1.jpg\" alt=\"\" width=\"33%\"><\/a><\/p>\n","protected":false},"excerpt":{"rendered":"Desde la temporada 2021, estrenamos nuevas opciones de alojamiento bajo el paraguas del Camping Riu Gelat: Nuestro refugio, las habitaciones dobles y un apartamento tur\u00edstico en alquiler. Refugio Situado dentro del mismo recinto, dispone de todos los mismos servicios que el camping: Bar Duchas Enfermer\u00eda Sanifito por caravanas Adaptado Wifi Supermercado Servicios Adem\u00e1s de calefacci\u00f3n [&hellip;]","protected":false},"author":1,"featured_media":0,"parent":0,"menu_order":0,"comment_status":"closed","ping_status":"closed","template":"","meta":{"footnotes":""},"class_list":["post-735","page","type-page","status-publish","hentry"],"_links":{"self":[{"href":"https:\/\/www.campingriugelat.com\/es\/wp-json\/wp\/v2\/pages\/735","targetHints":{"allow":["GET"]}}],"collection":[{"href":"https:\/\/www.campingriugelat.com\/es\/wp-json\/wp\/v2\/pages"}],"about":[{"href":"https:\/\/www.campingriugelat.com\/es\/wp-json\/wp\/v2\/types\/page"}],"author":[{"embeddable":true,"href":"https:\/\/www.campingriugelat.com\/es\/wp-json\/wp\/v2\/users\/1"}],"replies":[{"embeddable":true,"href":"https:\/\/www.campingriugelat.com\/es\/wp-json\/wp\/v2\/comments?post=735"}],"version-history":[{"count":1,"href":"https:\/\/www.campingriugelat.com\/es\/wp-json\/wp\/v2\/pages\/735\/revisions"}],"predecessor-version":[{"id":4828,"href":"https:\/\/www.campingriugelat.com\/es\/wp-json\/wp\/v2\/pages\/735\/revisions\/4828"}],"wp:attachment":[{"href":"https:\/\/www.campingriugelat.com\/es\/wp-json\/wp\/v2\/media?parent=735"}],"curies":[{"name":"wp","href":"https:\/\/api.w.org\/{rel}","templated":true}]}}