{"id":4877,"date":"2023-06-28T16:20:46","date_gmt":"2025-03-28T11:29:43","guid":{"rendered":"https:\/\/www.campingriugelat.com\/producte\/touristenwohnung\/"},"modified":"2025-04-07T17:20:50","modified_gmt":"2025-04-07T17:20:50","slug":"touristenwohnung","status":"publish","type":"product","link":"https:\/\/www.campingriugelat.com\/de\/producte\/touristenwohnung\/","title":{"rendered":"Touristenwohnung"},"content":{"rendered":"<p>Touristenwohnung in Espot.<\/p>\n<p>Preis f\u00fcr Gesamtmiete, maximal 4 Personen.<\/p>\n<p>Die Mindestdauer betr\u00e4gt 4 N\u00e4chte. F\u00fcr andere Anforderungen kontaktieren Sie uns. <\/p>\n<p>HINWEIS: DIE KURTAXE IST NICHT INBEGRIFFEN. SIE BETR\u00c4GT 1,925 \u20ac PRO PERSON (\u00dcBER 16 JAHRE) UND DIE NACHT WIRD DIREKT BEI DER ANKUNFT BEZAHLT.<br \/>\n Sie k\u00f6nnen mit Bankkarte bezahlen.<\/p>\n<p><strong>HAUSTIERE SIND IN DER WOHNUNG NICHT ERLAUBT<\/strong><\/p>\n","protected":false},"excerpt":{"rendered":"Touristenwohnung in Espot. Preis f\u00fcr Gesamtmiete, maximal 4 Personen. Die Mindestdauer betr\u00e4gt 4 N\u00e4chte. F\u00fcr andere Anforderungen kontaktieren Sie uns. HINWEIS: DIE KURTAXE IST NICHT INBEGRIFFEN. SIE BETR\u00c4GT 1,925 \u20ac PRO PERSON (\u00dcBER 16 JAHRE) UND DIE NACHT WIRD DIREKT BEI DER ANKUNFT BEZAHLT. Sie k\u00f6nnen mit Bankkarte bezahlen. HAUSTIERE SIND IN DER WOHNUNG NICHT [&hellip;]","protected":false},"featured_media":4532,"template":"","meta":[],"product_brand":[],"product_cat":[72],"product_tag":[],"class_list":{"0":"post-4877","1":"product","2":"type-product","3":"status-publish","4":"has-post-thumbnail","6":"product_cat-touristenwohnung","8":"first","9":"instock","10":"shipping-taxable","11":"purchasable","12":"product-type-phive_booking"},"_links":{"self":[{"href":"https:\/\/www.campingriugelat.com\/de\/wp-json\/wp\/v2\/product\/4877","targetHints":{"allow":["GET"]}}],"collection":[{"href":"https:\/\/www.campingriugelat.com\/de\/wp-json\/wp\/v2\/product"}],"about":[{"href":"https:\/\/www.campingriugelat.com\/de\/wp-json\/wp\/v2\/types\/product"}],"wp:featuredmedia":[{"embeddable":true,"href":"https:\/\/www.campingriugelat.com\/de\/wp-json\/wp\/v2\/media\/4532"}],"wp:attachment":[{"href":"https:\/\/www.campingriugelat.com\/de\/wp-json\/wp\/v2\/media?parent=4877"}],"wp:term":[{"taxonomy":"product_brand","embeddable":true,"href":"https:\/\/www.campingriugelat.com\/de\/wp-json\/wp\/v2\/product_brand?post=4877"},{"taxonomy":"product_cat","embeddable":true,"href":"https:\/\/www.campingriugelat.com\/de\/wp-json\/wp\/v2\/product_cat?post=4877"},{"taxonomy":"product_tag","embeddable":true,"href":"https:\/\/www.campingriugelat.com\/de\/wp-json\/wp\/v2\/product_tag?post=4877"}],"curies":[{"name":"wp","href":"https:\/\/api.w.org\/{rel}","templated":true}]}}