{"id":4874,"date":"2023-06-28T16:05:27","date_gmt":"2025-03-28T11:29:42","guid":{"rendered":"https:\/\/www.campingriugelat.com\/producte\/zimmer-mit-gemeinschaftsbad-max-3-personen-refuge\/"},"modified":"2025-04-07T17:21:00","modified_gmt":"2025-04-07T17:21:00","slug":"zimmer-mit-gemeinschaftsbad-max-3-personen-refuge","status":"publish","type":"product","link":"https:\/\/www.campingriugelat.com\/de\/producte\/zimmer-mit-gemeinschaftsbad-max-3-personen-refuge\/","title":{"rendered":"Zimmer mit Gemeinschaftsbad (max. 3 Personen) &#8211; Refuge"},"content":{"rendered":"<p>Preis pro Person, mindestens 2 Personen, maximal 3 Personen.<\/p>\n<p>Das Badezimmer und andere Dienstleistungen werden auf dem Campingplatz gemeinsam genutzt. Bettw\u00e4sche muss selbst mitgebracht werden, sie ist nicht im Preis inbegriffen. 1 Bett mit den Ma\u00dfen 0,90 x 1,90. <\/p>\n<p>HINWEIS: DIE KURTAXE IST NICHT INBEGRIFFEN. SIE BETR\u00c4GT 0,99 \u20ac PRO PERSON (\u00dcBER 16 JAHRE) UND NACHT UND WIRD DIREKT BEI DER ANKUNFT BEZAHLT.<br \/>\n Sie k\u00f6nnen mit Bankkarte bezahlen.<\/p>\n<p><strong>HAUSTIERE SIND IN DEN ZIMMERN NICHT ERLAUBT.<\/strong><\/p>\n","protected":false},"excerpt":{"rendered":"Preis pro Person, mindestens 2 Personen, maximal 3 Personen. Das Badezimmer und andere Dienstleistungen werden auf dem Campingplatz gemeinsam genutzt. Bettw\u00e4sche muss selbst mitgebracht werden, sie ist nicht im Preis inbegriffen. 1 Bett mit den Ma\u00dfen 0,90 x 1,90. HINWEIS: DIE KURTAXE IST NICHT INBEGRIFFEN. SIE BETR\u00c4GT 0,99 \u20ac PRO PERSON (\u00dcBER 16 JAHRE) UND [&hellip;]","protected":false},"featured_media":4635,"template":"","meta":[],"product_brand":[],"product_cat":[68],"product_tag":[],"class_list":{"0":"post-4874","1":"product","2":"type-product","3":"status-publish","4":"has-post-thumbnail","6":"product_cat-geteiltes-zimmer","8":"first","9":"instock","10":"shipping-taxable","11":"purchasable","12":"product-type-phive_booking"},"_links":{"self":[{"href":"https:\/\/www.campingriugelat.com\/de\/wp-json\/wp\/v2\/product\/4874","targetHints":{"allow":["GET"]}}],"collection":[{"href":"https:\/\/www.campingriugelat.com\/de\/wp-json\/wp\/v2\/product"}],"about":[{"href":"https:\/\/www.campingriugelat.com\/de\/wp-json\/wp\/v2\/types\/product"}],"wp:featuredmedia":[{"embeddable":true,"href":"https:\/\/www.campingriugelat.com\/de\/wp-json\/wp\/v2\/media\/4635"}],"wp:attachment":[{"href":"https:\/\/www.campingriugelat.com\/de\/wp-json\/wp\/v2\/media?parent=4874"}],"wp:term":[{"taxonomy":"product_brand","embeddable":true,"href":"https:\/\/www.campingriugelat.com\/de\/wp-json\/wp\/v2\/product_brand?post=4874"},{"taxonomy":"product_cat","embeddable":true,"href":"https:\/\/www.campingriugelat.com\/de\/wp-json\/wp\/v2\/product_cat?post=4874"},{"taxonomy":"product_tag","embeddable":true,"href":"https:\/\/www.campingriugelat.com\/de\/wp-json\/wp\/v2\/product_tag?post=4874"}],"curies":[{"name":"wp","href":"https:\/\/api.w.org\/{rel}","templated":true}]}}