{"id":4895,"date":"2025-03-28T11:30:02","date_gmt":"2025-03-28T11:30:02","guid":{"rendered":"https:\/\/www.campingriugelat.com\/home\/"},"modified":"2025-03-28T11:30:02","modified_gmt":"2025-03-28T11:30:02","slug":"home","status":"publish","type":"page","link":"https:\/\/www.campingriugelat.com\/de\/","title":{"rendered":"Home"},"content":{"rendered":"<div class=\"hidden-lg hidden-sm hidden-md hidden-xs\">Campingplatz Espot | Camping Riu Gelat | Espot ist eine Stadt und Gemeinde in der Region Pallars Sobir\u00e0. Es handelt sich um eine der wenigen Gemeinden der Region, die im gesamten 20. Jahrhundert keinerlei Zusammenschl\u00fcsse mit anderen Gemeinden erlebt hat. <\/p>\n<p>Es liegt im Nordwesten der Region, \u00f6stlich des Nationalparks Aig\u00fcestortes und Estany de Sant Maurici, zu dem es einer der Eing\u00e4nge ist. Ein bedeutender Teil dieses Parks liegt im Gemeindegebiet von Espot, insbesondere einer seiner symboltr\u00e4chtigsten Orte: die Encantats und die Estany de Sant Maurici. <\/p>\n<p>Mittelalterliche Br\u00fccke<br \/>\n Es ist Teil des Vall d&#8217;\u00c0neu, aber die Stadt liegt im Tal des Riu Escrita, einem Nebenfluss des Vall d&#8217;\u00c0neu in seinem s\u00fcdlichen Sektor. Die H\u00f6he der Berge, die das Tal begrenzen, sowie seine klimatischen Eigenschaften haben die Gr\u00fcndung eines Skigebiets im Tal erm\u00f6glicht, Super Espot, das das Tal und Espot selbst zu einem der touristischsten Orte der Region gemacht hat. <\/p>\n<p>Die Stadt Espot besteht aus drei verschiedenen Kernen, obwohl sie nahe beieinander liegen: der Altstadt, bekannt als l&#8217;Obago, der \u00f6stlichen Erweiterung, in der sich das heutige Rathaus und die Pfarrkirche Santa Llogaia befinden, dem Parkhaus und dem weiter n\u00f6rdlich gelegenen Espot- und Solau-Campshaus, das erst vor kurzem erbaut wurde.<\/p>\n<p>Au\u00dfer der Stadt Espot verf\u00fcgt die Gemeinde \u00fcber eine weitere Stadt, Esta\u00eds, das Skigebiet, mit zwei kleinen Bev\u00f6lkerungszentren, Super Espot und Berrader, \u00dcberreste der Stadt Llort rund um das Castell de Llort, \u00dcberreste der Kirche Santa Maria d&#8217;Espot, die Einsiedelei Sant Maurici, die Kapelle Sant Jaume, den Turm La Torrassa, das Wasserkraftwerk Espot und zahlreiche Bordes, abgesehen von der Umgebung von Esta\u00eds, die in dem dieser Stadt gewidmeten Artikel besprochen wird. <a href=\"http:\/\/parcsnaturals.gencat.cat\/ca\/aiguestortes\">Nationalpark Aig\u00fcestortes und Sant Maurici-See.<\/a> <\/div>\n<p><a href=\"Preise\"><iframe class=\"video\" src=\"https:\/\/www.youtube.com\/embed\/5KsxWY_xju8?autoplay=1&amp;controls=0&amp;mute=1&amp;si=xrmUiIWGZuMjpxCx\" title=\"YouTube-Videoplayer\" frameborder=\"0\" allow=\"accelerometer; autoplay; clipboard-write; encrypted-media; gyroscope; picture-in-picture; web-share\" referrerpolicy=\"strict-origin-when-cross-origin\" allowfullscreen=\"\"><\/iframe><br \/>\n<\/a><a href=\"Preise\"><img decoding=\"async\" src=\"http:\/\/www.campingriugelat.com\/wp-content\/uploads\/2018\/08\/slider1-movil.jpg\" alt=\"Camping Riu Gelat | Campingplatz\" width=\"100%\" class=\"alignnone size-full wp-image-100 hidden-lg hidden-md hidden-sm\" srcset=\"https:\/\/www.campingriugelat.com\/wp-content\/uploads\/2018\/08\/slider1-movil.jpg 849w, https:\/\/www.campingriugelat.com\/wp-content\/uploads\/2018\/08\/slider1-movil-177x300.jpg 177w, https:\/\/www.campingriugelat.com\/wp-content\/uploads\/2018\/08\/slider1-movil-768x1303.jpg 768w, https:\/\/www.campingriugelat.com\/wp-content\/uploads\/2018\/08\/slider1-movil-604x1024.jpg 604w\" sizes=\"(max-width: 849px) 100vw, 849px\" \/><\/a><\/p>\n","protected":false},"excerpt":{"rendered":"Campingplatz Espot | Camping Riu Gelat | Espot ist eine Stadt und Gemeinde in der Region Pallars Sobir\u00e0. Es handelt sich um eine der wenigen Gemeinden der Region, die im gesamten 20. Jahrhundert keinerlei Zusammenschl\u00fcsse mit anderen Gemeinden erlebt hat. Es liegt im Nordwesten der Region, \u00f6stlich des Nationalparks Aig\u00fcestortes und Estany de Sant Maurici, [&hellip;]","protected":false},"author":1,"featured_media":0,"parent":0,"menu_order":0,"comment_status":"closed","ping_status":"closed","template":"page-custom.php","meta":{"footnotes":""},"class_list":["post-4895","page","type-page","status-publish","hentry"],"_links":{"self":[{"href":"https:\/\/www.campingriugelat.com\/de\/wp-json\/wp\/v2\/pages\/4895","targetHints":{"allow":["GET"]}}],"collection":[{"href":"https:\/\/www.campingriugelat.com\/de\/wp-json\/wp\/v2\/pages"}],"about":[{"href":"https:\/\/www.campingriugelat.com\/de\/wp-json\/wp\/v2\/types\/page"}],"author":[{"embeddable":true,"href":"https:\/\/www.campingriugelat.com\/de\/wp-json\/wp\/v2\/users\/1"}],"replies":[{"embeddable":true,"href":"https:\/\/www.campingriugelat.com\/de\/wp-json\/wp\/v2\/comments?post=4895"}],"version-history":[{"count":0,"href":"https:\/\/www.campingriugelat.com\/de\/wp-json\/wp\/v2\/pages\/4895\/revisions"}],"wp:attachment":[{"href":"https:\/\/www.campingriugelat.com\/de\/wp-json\/wp\/v2\/media?parent=4895"}],"curies":[{"name":"wp","href":"https:\/\/api.w.org\/{rel}","templated":true}]}}