{"id":4826,"date":"2025-03-28T11:29:25","date_gmt":"2025-03-28T11:29:25","guid":{"rendered":"https:\/\/www.campingriugelat.com\/rechtliche-hinweise\/"},"modified":"2025-03-28T11:29:25","modified_gmt":"2025-03-28T11:29:25","slug":"rechtliche-hinweise","status":"publish","type":"page","link":"https:\/\/www.campingriugelat.com\/de\/rechtliche-hinweise\/","title":{"rendered":"Rechtliche Hinweise"},"content":{"rendered":"<p><strong>WEBSITE: Impressum<\/strong><\/p>\n<p><strong>Gesetz \u00fcber Dienste der Informationsgesellschaft (LSSI)<\/strong><\/p>\n<p>CARRERALS, SL., Verantwortlicher f\u00fcr die Website, im Folgenden \u201eVERANTWORTLICHER\u201c, stellt den Benutzern dieses Dokument zur Verf\u00fcgung und m\u00f6chte damit den Verpflichtungen nachkommen, die im Gesetz 34\/2002 vom 11. Juli \u00fcber Dienste der Informationsgesellschaft und elektronischen Handel (LSSICE), BOE Nr. 166, festgelegt sind. Dar\u00fcber hinaus m\u00f6chte das Unternehmen alle Benutzer der Website \u00fcber die Nutzungsbedingungen informieren.<\/p>\n<p>Jede Person, die auf diese Website zugreift, \u00fcbernimmt die Rolle des Benutzers und verpflichtet sich, die darin festgelegten Bestimmungen sowie alle anderen geltenden gesetzlichen Bestimmungen zu beachten und strikt einzuhalten.<\/p>\n<p>CARRERALS, SL. beh\u00e4lt sich das Recht vor, jegliche Art von Informationen zu \u00e4ndern, die auf der Website erscheinen k\u00f6nnen, ohne die Verpflichtung zu haben, die Benutzer \u00fcber diese Verpflichtungen zu informieren oder zu benachrichtigen, da die Ver\u00f6ffentlichung auf der Website von CARRERALS, SL als ausreichend angesehen wird. <\/p>\n<ol>\n<li><strong>  IDENTIFIZIERUNGSDATEN<\/strong><\/li>\n<\/ol>\n<p>Dom\u00e4nenname: <a href=\"http:\/\/www.campingriugelat.com\/\">www.campingriugelat.com\/<\/a> Handelsname: Camping riu congelat Firmenname: CARRERALS, SL. NIF: B25783523 Eingetragener Firmensitz: Geb\u00e4ude Peguera, S\/N 3B 25597 &#8211; Espot (Lleida) Telefon: 696 58 53 65 E-Mail: jpinyolfranch@hotmail.com EINGETRAGEN IM HANDELSREGISTER VON LLEIDA BAND 1393 FOLIO 145 BLATT 27959 <\/p>\n<ol start=\"2\">\n<li> <strong>GEISTIGE UND GEWERBLICHE EIGENTUMSRECHTE<\/strong> Die Website, einschlie\u00dflich, aber nicht beschr\u00e4nkt auf ihre Programmierung, Bearbeitung, Zusammenstellung und andere f\u00fcr ihren Betrieb erforderliche Elemente, die Designs, Logos, Texte und\/oder Grafiken, sind Eigentum des VERANTWORTLICHEN oder verf\u00fcgen gegebenenfalls \u00fcber eine Lizenz oder ausdr\u00fcckliche Genehmigung der Autoren. Alle Inhalte der Website sind durch die Vorschriften zum geistigen und gewerblichen Eigentum gesch\u00fctzt und in den entsprechenden \u00f6ffentlichen Registern eingetragen. Unabh\u00e4ngig vom Zweck, f\u00fcr den sie bestimmt sind, bedarf die vollst\u00e4ndige oder teilweise Vervielf\u00e4ltigung, Nutzung, Verwertung, Verbreitung und Kommerzialisierung in jedem Fall der vorherigen schriftlichen Genehmigung des VERANTWORTLICHEN. Jede nicht zuvor genehmigte Verwendung gilt als schwerwiegende Verletzung der geistigen oder gewerblichen Eigentumsrechte des Autors.    Die Designs, Logos, Texte und\/oder Grafiken, die nicht Eigentum der VERANTWORTLICHEN PARTEI sind und auf der Website erscheinen k\u00f6nnen, geh\u00f6ren ihren jeweiligen Eigent\u00fcmern, die f\u00fcr alle m\u00f6glicherweise entstehenden Kontroversen verantwortlich sind. Der VERANTWORTLICHE erm\u00e4chtigt Dritte ausdr\u00fccklich, direkt auf bestimmte Inhalte der Website umzuleiten und in jedem Fall auf die Hauptwebsite <a href=\"http:\/\/www.campingriugelat.com\/\">www.campingriugelat.com\/<\/a> umzuleiten. Der VERANTWORTLICHE erkennt die entsprechenden geistigen und gewerblichen Eigentumsrechte zugunsten ihrer Eigent\u00fcmer an, ohne dass die blo\u00dfe Erw\u00e4hnung oder das Erscheinen auf der Website das Bestehen von Rechten oder eine Verantwortung diesbez\u00fcglich oder die Unterst\u00fctzung, F\u00f6rderung oder Empfehlung durch den VERANTWORTLICHEN impliziert. Um Anmerkungen jeglicher Art bez\u00fcglich m\u00f6glicher Verletzungen von geistigen oder gewerblichen Eigentumsrechten sowie jeglicher Inhalte der Website zu machen, k\u00f6nnen Sie dies per E-Mail an jpinyolfranch@hotmail.com tun. <strong>3. HAFTUNGSAUSSCHLUSS<\/strong> Der VERANTWORTLICHE ist von jeglicher Haftung aus den auf seiner Website ver\u00f6ffentlichten Informationen befreit, sofern er keine tats\u00e4chliche Kenntnis davon hat, dass diese Informationen von einem Dritten, der nicht mit ihm verbunden ist, manipuliert oder eingegeben wurden, oder sofern er in diesem Fall mit aller Sorgfalt vorgegangen ist, um die Daten zu entfernen oder den Zugriff darauf unm\u00f6glich zu machen. <strong>Verwendung von Cookies<\/strong> Diese Website kann technische Cookies (kleine Informationsdateien, die der Server an den Computer der Person sendet, die die Seite aufruft) verwenden, um bestimmte Funktionen auszuf\u00fchren, die f\u00fcr das korrekte Funktionieren und die Anzeige der Website als wesentlich erachtet werden. Die verwendeten Cookies sind in jedem Fall tempor\u00e4rer Natur und dienen ausschlie\u00dflich dazu, das Surfen effizienter zu gestalten. Sie verschwinden, wenn die Sitzung des Benutzers endet. Diese Cookies liefern in keinem Fall selbst personenbezogene Daten und werden auch nicht zur Erhebung derartiger Daten verwendet. Durch die Verwendung von Cookies ist es dem Server, auf dem sich die Website befindet, auch m\u00f6glich, den vom Benutzer verwendeten Browser zu erkennen, um die Navigation zu erleichtern und beispielsweise zuvor registrierten Benutzern den Zugriff auf Bereiche, Dienste, Werbeaktionen oder Wettbewerbe zu erm\u00f6glichen, die ausschlie\u00dflich ihnen vorbehalten sind, ohne dass sie sich bei jedem Besuch erneut registrieren m\u00fcssen. Sie k\u00f6nnen auch verwendet werden, um das Publikum und Verkehrsparameter zu messen, den Fortschritt und die Anzahl der Eintr\u00e4ge zu \u00fcberwachen usw. In diesen F\u00e4llen sind Cookies technisch entbehrlich, aber f\u00fcr den Benutzer von Vorteil. Diese Website installiert keine unn\u00f6tigen <em>Cookies<\/em> ohne die vorherige Zustimmung des Benutzers. Der Benutzer hat die M\u00f6glichkeit, seinen Browser so zu konfigurieren, dass er \u00fcber den Empfang von Cookies informiert wird und deren Installation auf seinem Computer verhindert. Weitere Informationen finden Sie in der Anleitung Ihres Browsers. <strong>Link-Richtlinie<\/strong> : Von der Website aus besteht die M\u00f6glichkeit, auf Inhalte auf Websites Dritter umgeleitet zu werden. Da der VERANTWORTLICHE die von Dritten auf ihren jeweiligen Websites ver\u00f6ffentlichten Inhalte nicht immer kontrollieren kann, \u00fcbernimmt er keinerlei Verantwortung in Bezug auf diese Inhalte. In jedem Fall wird das Unternehmen unverz\u00fcglich s\u00e4mtliche Inhalte entfernen, die gegen nationale oder internationale Gesetze, die guten Sitten oder die \u00f6ffentliche Ordnung versto\u00dfen k\u00f6nnten, die Weiterleitung auf diese Website unverz\u00fcglich unterbinden und die zust\u00e4ndigen Beh\u00f6rden \u00fcber die betreffenden Inhalte informieren.            Der VERANTWORTLICHE ist nicht verantwortlich f\u00fcr die Informationen und Inhalte, die beispielsweise, aber nicht ausschlie\u00dflich, in Foren, Chats, Blog-Generatoren, Kommentaren, sozialen Netzwerken oder anderen Mitteln gespeichert sind, die es Dritten erm\u00f6glichen, Inhalte unabh\u00e4ngig auf der Website des VERANTWORTLICHEN zu ver\u00f6ffentlichen. Unter Einhaltung der Bestimmungen der Artikel 11 und 16 des LSSICE werden sie jedoch allen Benutzern, Beh\u00f6rden und Sicherheitskr\u00e4ften zur Verf\u00fcgung gestellt, die aktiv an der Entfernung oder gegebenenfalls Sperrung aller Inhalte mitwirken, die nationale oder internationale Gesetze, Rechte Dritter oder die Moral und \u00f6ffentliche Ordnung beeintr\u00e4chtigen oder verletzen k\u00f6nnten. Wenn der Benutzer der Ansicht ist, dass die Website Material enth\u00e4lt, das dieser Klassifizierung unterliegen k\u00f6nnte, bitten wir Sie, den Website-Administrator umgehend zu benachrichtigen. Diese Website wurde \u00fcberpr\u00fcft und getestet, um sicherzustellen, dass sie ordnungsgem\u00e4\u00df funktioniert. Eine einwandfreie Funktion kann grunds\u00e4tzlich an 365 Tagen im Jahr und 24 Stunden am Tag gew\u00e4hrleistet werden. Der VERANTWORTLICHE schlie\u00dft jedoch nicht aus, dass Programmierfehler auftreten oder dass h\u00f6here Gewalt, Naturkatastrophen, Streiks oder \u00e4hnliche Umst\u00e4nde eintreten, die den Zugriff auf die Website unm\u00f6glich machen. <strong>IP-Adressen:<\/strong> Die Server der Website k\u00f6nnen die vom Benutzer verwendete IP-Adresse und den Dom\u00e4nennamen automatisch erkennen. Eine IP-Adresse ist eine Nummer, die einem Computer automatisch zugewiesen wird, sobald er eine Verbindung zum Internet herstellt. Alle diese Informationen werden in einer Serveraktivit\u00e4tsdatei aufgezeichnet, die eine sp\u00e4tere Verarbeitung der Daten erm\u00f6glicht, um rein statistische Messungen zu erhalten, die es uns erm\u00f6glichen, die Anzahl der Seitenaufrufe, die Anzahl der Besuche auf den Webservern, die Reihenfolge der Besuche, den Zugriffspunkt usw. zu ermitteln. <strong>4. GELTENDE GESETZE UND GERICHTSSTAND<\/strong> F\u00fcr die Beilegung aller Streitigkeiten oder Probleme im Zusammenhang mit dieser Website oder den auf ihr durchgef\u00fchrten Aktivit\u00e4ten gilt die spanische Gesetzgebung, der sich die Parteien ausdr\u00fccklich unterwerfen, und die Gerichte am Wohnsitz des BENUTZERS oder am Erf\u00fcllungsort der Verpflichtung verf\u00fcgen \u00fcber die ausreichende Zust\u00e4ndigkeit zur Beilegung aller Konflikte, die sich aus ihrer Nutzung ergeben oder damit in Zusammenhang stehen.       <\/li>\n<\/ol>\n","protected":false},"excerpt":{"rendered":"WEBSITE: Impressum Gesetz \u00fcber Dienste der Informationsgesellschaft (LSSI) CARRERALS, SL., Verantwortlicher f\u00fcr die Website, im Folgenden \u201eVERANTWORTLICHER\u201c, stellt den Benutzern dieses Dokument zur Verf\u00fcgung und m\u00f6chte damit den Verpflichtungen nachkommen, die im Gesetz 34\/2002 vom 11. Juli \u00fcber Dienste der Informationsgesellschaft und elektronischen Handel (LSSICE), BOE Nr. 166, festgelegt sind. Dar\u00fcber hinaus m\u00f6chte das Unternehmen [&hellip;]","protected":false},"author":1,"featured_media":0,"parent":0,"menu_order":0,"comment_status":"closed","ping_status":"closed","template":"","meta":{"footnotes":""},"class_list":["post-4826","page","type-page","status-publish","hentry"],"_links":{"self":[{"href":"https:\/\/www.campingriugelat.com\/de\/wp-json\/wp\/v2\/pages\/4826","targetHints":{"allow":["GET"]}}],"collection":[{"href":"https:\/\/www.campingriugelat.com\/de\/wp-json\/wp\/v2\/pages"}],"about":[{"href":"https:\/\/www.campingriugelat.com\/de\/wp-json\/wp\/v2\/types\/page"}],"author":[{"embeddable":true,"href":"https:\/\/www.campingriugelat.com\/de\/wp-json\/wp\/v2\/users\/1"}],"replies":[{"embeddable":true,"href":"https:\/\/www.campingriugelat.com\/de\/wp-json\/wp\/v2\/comments?post=4826"}],"version-history":[{"count":0,"href":"https:\/\/www.campingriugelat.com\/de\/wp-json\/wp\/v2\/pages\/4826\/revisions"}],"wp:attachment":[{"href":"https:\/\/www.campingriugelat.com\/de\/wp-json\/wp\/v2\/media?parent=4826"}],"curies":[{"name":"wp","href":"https:\/\/api.w.org\/{rel}","templated":true}]}}