{"id":4573,"date":"2025-03-28T11:29:16","date_gmt":"2025-03-28T11:29:16","guid":{"rendered":"https:\/\/www.campingriugelat.com\/der-campingplatz\/"},"modified":"2025-03-28T11:29:16","modified_gmt":"2025-03-28T11:29:16","slug":"der-campingplatz","status":"publish","type":"page","link":"https:\/\/www.campingriugelat.com\/de\/der-campingplatz\/","title":{"rendered":"Der Campingplatz"},"content":{"rendered":"<p><span class=\"text-center\"><strong>Willkommen auf dem Campingplatz Riu Gelat.<\/strong><\/span><\/p>\n<p>Wir sind ein Campingplatz in einer sehr k\u00fchlen Hochgebirgsgegend, am Nordhang des Berges Bosc Negre, etwa 800 Meter \u00fcber Espot.<br \/>\n Mit 2 spektakul\u00e4ren Wasserf\u00e4llen neben dem Campingplatz zur Abk\u00fchlung, da der Campingplatz nur wenige Meter vom Fluss Escrita entfernt liegt, in der N\u00e4he des Barranc de Verat.<\/p>\n<p>Wir befinden uns weniger als 1 km von Espot entfernt, in Richtung Nationalpark, und nur 2,5 km vom Eingang des Parks entfernt.<\/p>\n<p>Wir verf\u00fcgen \u00fcber 61 Stellpl\u00e4tze von 60 bis 80 m\u00b2 und 12 Stellpl\u00e4tze f\u00fcr Wohnmobile.<\/p>\n<p>Zus\u00e4tzlich zu den folgenden Leistungen:<\/p>\n<div style=\"display:flex;flex-wrap:wrap;justify-content:center;gap:10px;margin:20px auto;max-width:900px;\">\n<div style=\"width:100px;text-align:center;padding:8px 4px;\"><img decoding=\"async\" src=\"https:\/\/www.campingriugelat.com\/wp-content\/uploads\/2026\/03\/bar.svg\" alt=\"Bar\" style=\"width:70px;height:70px;\" \/><br \/><span style=\"font-size:12px;line-height:1.2;display:block;margin-top:4px;\">Bar<\/span><\/div>\n<div style=\"width:100px;text-align:center;padding:8px 4px;\"><img decoding=\"async\" src=\"https:\/\/www.campingriugelat.com\/wp-content\/uploads\/2026\/03\/dutxes.svg\" alt=\"Duschen\" style=\"width:70px;height:70px;\" \/><br \/><span style=\"font-size:12px;line-height:1.2;display:block;margin-top:4px;\">Duschen<\/span><\/div>\n<div style=\"width:100px;text-align:center;padding:8px 4px;\"><img decoding=\"async\" src=\"https:\/\/www.campingriugelat.com\/wp-content\/uploads\/2026\/03\/infermeria.svg\" alt=\"Pflege\" style=\"width:70px;height:70px;\" \/><br \/><span style=\"font-size:12px;line-height:1.2;display:block;margin-top:4px;\">Pflege<\/span><\/div>\n<div style=\"width:100px;text-align:center;padding:8px 4px;\"><img decoding=\"async\" src=\"https:\/\/www.campingriugelat.com\/wp-content\/uploads\/2026\/03\/sanifit.svg\" alt=\"Sanifit f\u00fcr Wohnwagen\" style=\"width:70px;height:70px;\" \/><br \/><span style=\"font-size:12px;line-height:1.2;display:block;margin-top:4px;\">Sanifit f\u00fcr Wohnwagen<\/span><\/div>\n<div style=\"width:100px;text-align:center;padding:8px 4px;\"><img decoding=\"async\" src=\"https:\/\/www.campingriugelat.com\/wp-content\/uploads\/2026\/03\/adaptat.svg\" alt=\"Angepasst\" style=\"width:70px;height:70px;\" \/><br \/><span style=\"font-size:12px;line-height:1.2;display:block;margin-top:4px;\">Angepasst<\/span><\/div>\n<div style=\"width:100px;text-align:center;padding:8px 4px;\"><img decoding=\"async\" src=\"https:\/\/www.campingriugelat.com\/wp-content\/uploads\/2026\/03\/wifi.svg\" alt=\"WLAN\" style=\"width:70px;height:70px;\" \/><br \/><span style=\"font-size:12px;line-height:1.2;display:block;margin-top:4px;\">WLAN<\/span><\/div>\n<div style=\"width:100px;text-align:center;padding:8px 4px;\"><img decoding=\"async\" src=\"https:\/\/www.campingriugelat.com\/wp-content\/uploads\/2026\/03\/supermercat.svg\" alt=\"Supermarkt\" style=\"width:70px;height:70px;\" \/><br \/><span style=\"font-size:12px;line-height:1.2;display:block;margin-top:4px;\">Supermarkt<\/span><\/div>\n<div style=\"width:100px;text-align:center;padding:8px 4px;\"><img decoding=\"async\" src=\"https:\/\/www.campingriugelat.com\/wp-content\/uploads\/2026\/03\/wc.svg\" alt=\"Einrichtungen\" style=\"width:70px;height:70px;\" \/><br \/><span style=\"font-size:12px;line-height:1.2;display:block;margin-top:4px;\">Einrichtungen<\/span><\/div>\n<div style=\"width:100px;text-align:center;padding:8px 4px;\"><img decoding=\"async\" src=\"https:\/\/www.campingriugelat.com\/wp-content\/uploads\/2026\/03\/rentadora.svg\" alt=\"Waschmaschine\" style=\"width:70px;height:70px;\" \/><br \/><span style=\"font-size:12px;line-height:1.2;display:block;margin-top:4px;\">Waschmaschine<\/span><\/div>\n<div style=\"width:100px;text-align:center;padding:8px 4px;\"><img decoding=\"async\" src=\"https:\/\/www.campingriugelat.com\/wp-content\/uploads\/2026\/03\/assecadora.svg\" alt=\"Trockner\" style=\"width:70px;height:70px;\" \/><br \/><span style=\"font-size:12px;line-height:1.2;display:block;margin-top:4px;\">Trockner<\/span><\/div>\n<div style=\"width:100px;text-align:center;padding:8px 4px;\"><img decoding=\"async\" src=\"https:\/\/www.campingriugelat.com\/wp-content\/uploads\/2026\/03\/assecador-cabell.svg\" alt=\"Haartrockner\" style=\"width:70px;height:70px;\" \/><br \/><span style=\"font-size:12px;line-height:1.2;display:block;margin-top:4px;\">Haartrockner<\/span><\/div>\n<\/div>\n","protected":false},"excerpt":{"rendered":"Willkommen auf dem Campingplatz Riu Gelat. Wir sind ein Campingplatz in einer sehr k\u00fchlen Hochgebirgsgegend, am Nordhang des Berges Bosc Negre, etwa 800 Meter \u00fcber Espot. Mit 2 spektakul\u00e4ren Wasserf\u00e4llen neben dem Campingplatz zur Abk\u00fchlung, da der Campingplatz nur wenige Meter vom Fluss Escrita entfernt liegt, in der N\u00e4he des Barranc de Verat. Wir befinden [&hellip;]","protected":false},"author":1,"featured_media":0,"parent":0,"menu_order":0,"comment_status":"closed","ping_status":"closed","template":"","meta":{"footnotes":""},"class_list":["post-4573","page","type-page","status-publish","hentry"],"_links":{"self":[{"href":"https:\/\/www.campingriugelat.com\/de\/wp-json\/wp\/v2\/pages\/4573","targetHints":{"allow":["GET"]}}],"collection":[{"href":"https:\/\/www.campingriugelat.com\/de\/wp-json\/wp\/v2\/pages"}],"about":[{"href":"https:\/\/www.campingriugelat.com\/de\/wp-json\/wp\/v2\/types\/page"}],"author":[{"embeddable":true,"href":"https:\/\/www.campingriugelat.com\/de\/wp-json\/wp\/v2\/users\/1"}],"replies":[{"embeddable":true,"href":"https:\/\/www.campingriugelat.com\/de\/wp-json\/wp\/v2\/comments?post=4573"}],"version-history":[{"count":0,"href":"https:\/\/www.campingriugelat.com\/de\/wp-json\/wp\/v2\/pages\/4573\/revisions"}],"wp:attachment":[{"href":"https:\/\/www.campingriugelat.com\/de\/wp-json\/wp\/v2\/media?parent=4573"}],"curies":[{"name":"wp","href":"https:\/\/api.w.org\/{rel}","templated":true}]}}